{"id":12420,"date":"2018-05-26T13:16:39","date_gmt":"2018-05-26T11:16:39","guid":{"rendered":"https:\/\/www.annaflores.es\/?page_id=12420"},"modified":"2023-01-30T13:40:11","modified_gmt":"2023-01-30T12:40:11","slug":"politica-privacitat","status":"publish","type":"page","link":"https:\/\/annaflores.es\/ca\/politica-privacidad\/","title":{"rendered":"Politica de privacitat"},"content":{"rendered":"<div class=\"fusion-fullwidth fullwidth-box fusion-builder-row-1 fusion-flex-container nonhundred-percent-fullwidth non-hundred-percent-height-scrolling\" style=\"--awb-border-radius-top-left:0px;--awb-border-radius-top-right:0px;--awb-border-radius-bottom-right:0px;--awb-border-radius-bottom-left:0px;--awb-flex-wrap:wrap;\" ><div class=\"fusion-builder-row fusion-row fusion-flex-align-items-flex-start fusion-flex-content-wrap\" style=\"max-width:1424.8px;margin-left: calc(-4% \/ 2 );margin-right: calc(-4% \/ 2 );\"><div class=\"fusion-layout-column fusion_builder_column fusion-builder-column-0 fusion_builder_column_1_1 1_1 fusion-flex-column\" style=\"--awb-bg-size:cover;--awb-width-large:100%;--awb-margin-top-large:0px;--awb-spacing-right-large:1.92%;--awb-margin-bottom-large:0px;--awb-spacing-left-large:1.92%;--awb-width-medium:100%;--awb-spacing-right-medium:1.92%;--awb-spacing-left-medium:1.92%;--awb-width-small:100%;--awb-spacing-right-small:1.92%;--awb-spacing-left-small:1.92%;\"><div class=\"fusion-column-wrapper fusion-flex-justify-content-flex-start fusion-content-layout-column\"><div class=\"fusion-text fusion-text-1\"><h2><strong>POL\u00cdTICA DE PRIVACITAT<\/strong><\/h2>\n<p>D'acord amb la normativa vigent <strong>INSTITUT ANNA FLORES S.L.<\/strong>\u00a0est\u00e0 adaptada a l'Reglament General de Protecci\u00f3 de Dades, comprometent-se a l'acompliment de la seva obligaci\u00f3 de secret de les dades de car\u00e0cter personal i assumint a aquests efectes, les mesures d'\u00edndole t\u00e8cnica, organitzativa i de seguretat necess\u00e0ries per evitar la seva alteraci\u00f3, p\u00e8rdua, tractament o acc\u00e9s no autoritzat. Per a m\u00e9s transpar\u00e8ncia li facilitem la seg\u00fcent informaci\u00f3.<\/p>\n<h2><strong>Informaci\u00f3 b\u00e0sica sobre Protecci\u00f3 de Dades<\/strong><strong> referent al tractament de dades del Formulari de contacte.<\/strong><\/h2>\n<p>Responsable:\u00a0Institut Anna Flores S.L.<br \/>\nFinalitat: Gesti\u00f3 de consultes i peticions.<br \/>\nLegitimaci\u00f3: Consentiment de l'interessat<br \/>\nDestinataris: No es preveuen comunicacions de dades a tercers, excepte obligaci\u00f3 legal o les estrictament necess\u00e0ries per a la prestaci\u00f3 de servei.<br \/>\nDrets: Accedir, rectificar i suprimir les dades, aix\u00ed com altres drets, com s'explica a la informaci\u00f3 addicional<br \/>\nInformaci\u00f3 addicional: Podeu consultar la informaci\u00f3 addicional i detallada sobre Protecci\u00f3 de dades a continuaci\u00f3.<\/p>\n<h3><\/h3>\n<h2><strong>Informaci\u00f3 detallada sobre Protecci\u00f3 de Dades referent al <\/strong><strong>tractament de dades del Formulari de contacte.<\/strong><\/h2>\n<h3><strong>Qui \u00e9s el responsable del tractament de les seves dades?<\/strong><\/h3>\n<p>Identitat:  INSTITUT ANNA FLORES S.L.<br \/>\nDir. Postal: Diputaci\u00f3 238, \u00c0tic 8, 08007 Barcelona<br \/>\nTel\u00e8fon: (+34) 934 637 083<br \/>\nCorreu electr\u00f2nic: info@institutannaflores.com<br \/>\nDelegat PD: Anna Flores Soto<br \/>\nHorari de contacte: 10:00 a 13:30 de dilluns a divendres.<br \/>\nContacte DPD: info@institutannaflores.com<\/p>\n<h3><strong>Amb quina finalitat tractem les seves dades personals?<\/strong><\/h3>\n<p>A  INSTITUT ANNA FLORES S.L. tractem la informaci\u00f3 que ens faciliten a trav\u00e9s de l'email de contacte per donar resposta a les consultes rebudes, aix\u00ed com per gestionar les peticions que ens facin.<\/p>\n<h3><strong>Per quant de temps conservarem les seves dades?<\/strong><\/h3>\n<p>Les dades proporcionades es conservaran mentre l'interessat no sol\u00b7liciti la supressi\u00f3 de la informaci\u00f3.<\/p>\n<h3><strong>Quina \u00e9s la legitimaci\u00f3 per al tractament de les seves dades?<\/strong><\/h3>\n<p>La base legal per al tractament de les dades \u00e9s el consentiment de la persona interessada.<\/p>\n<h3><strong>A quins destinataris es comunicaran les seves dades?<\/strong><\/h3>\n<p>INSTITUT ANNA FLORES S.L. contracta la seva infraestructura virtual segons un model de \"computaci\u00f3 en el n\u00favol\" a trav\u00e9s de diferents prove\u00efdors ubicats dins i fora de la UE. Els prove\u00efdors de fora de la UE compleixen amb el framework \"E.U-US Privacy Shield\" i no es preveuen altres comunicacions de dades a tercers, excepte obligaci\u00f3 legal.<\/p>\n<h3><strong>Quins s\u00f3n els seus drets quan ens facilita les seves dades?<\/strong><\/h3>\n<p>Qualsevol persona t\u00e9 dret a obtenir confirmaci\u00f3 sobre si a INSTITUT ANNA FLORES estem tractant dades personals que els concerneixin o no.<\/p>\n<p>Les persones interessades tenen dret a accedir a les seves dades personals, aix\u00ed com a sol\u00b7licitar la rectificaci\u00f3 de les dades inexactes o, si escau, sol\u00b7licitar la seva supressi\u00f3 quan, entre d'altres motius, les dades ja no siguin necessaris per als fins que van ser recollides.<\/p>\n<p>En determinades circumst\u00e0ncies, els interessats podran sol\u00b7licitar la limitaci\u00f3 de l'tractament de les seves dades, en aquest cas \u00fanicament els conservarem per a l'exercici o la defensa de reclamacions.<\/p>\n<p>En determinades circumst\u00e0ncies i per motius relacionats amb la seva situaci\u00f3 particular, els interessats podran oposar-se a el tractament de les seves dades. INSTITUT ANNA FLORES S.L.  deixar\u00e0 de tractar les dades, excepte per motius leg\u00edtims imperiosos, per a l'exercici o la defensa de possibles reclamacions.<\/p>\n<p>En virtut de el dret a la portabilitat, els interessats tenen dret a obtenir les dades personals que els incumbeixen en un format estructurat d'\u00fas com\u00fa i lectura mec\u00e0nica i a transmetre'ls a un altre responsable.<\/p>\n<h3><strong>Com es poden exercir els drets?<\/strong><\/h3>\n<p>Mitjan\u00e7ant un escrit, adjuntant fotoc\u00f2pia del DNI o document identificatiu equivalent, dirigit a: INSTITUT ANNA FLORES SL, Diputaci\u00f3 238, \u00c0tic 8, 08007 Barcelona o mitjan\u00e7ant un correu electr\u00f2nic adjuntant el vostre document identificatiu al mail: info@institutannaflores.com<\/p>\n<h3><strong>Quines vies de reclamaci\u00f3 hi ha?<\/strong><\/h3>\n<p>Si considera que els seus drets no s'han at\u00e8s degudament, t\u00e9 dret a presentar una reclamaci\u00f3 davant l'Ag\u00e8ncia Espanyola de Protecci\u00f3 de Dades.<\/p>\n<\/div><\/div><\/div><\/div><\/div>","protected":false},"excerpt":{"rendered":"","protected":false},"author":2,"featured_media":0,"parent":0,"menu_order":0,"comment_status":"open","ping_status":"closed","template":"100-width.php","meta":{"_acf_changed":false,"footnotes":""},"class_list":["post-12420","page","type-page","status-publish","hentry"],"acf":[],"yoast_head":"<!-- This site is optimized with the Yoast SEO Premium plugin v23.9 (Yoast SEO v27.4) - https:\/\/yoast.com\/product\/yoast-seo-premium-wordpress\/ -->\n<title>Pol\u00edtica de privacidad - Anna Flores<\/title>\n<meta name=\"robots\" content=\"noindex, nofollow\" \/>\n<meta property=\"og:locale\" content=\"ca_ES\" \/>\n<meta property=\"og:type\" content=\"article\" \/>\n<meta property=\"og:title\" content=\"Pol\u00edtica de privacidad\" \/>\n<meta property=\"og:url\" content=\"https:\/\/www.annaflores.es\/ca\/politica-privacidad\/\" \/>\n<meta property=\"og:site_name\" content=\"Anna Flores\" \/>\n<meta property=\"article:publisher\" content=\"https:\/\/www.facebook.com\/InstitutCoachingPNLAnnaFlores\/\" \/>\n<meta property=\"article:modified_time\" content=\"2023-01-30T12:40:11+00:00\" \/>\n<meta property=\"og:image\" content=\"https:\/\/annaflores.es\/wp-content\/uploads\/AF3.jpg\" \/>\n\t<meta property=\"og:image:width\" content=\"1748\" \/>\n\t<meta property=\"og:image:height\" content=\"1867\" \/>\n\t<meta property=\"og:image:type\" content=\"image\/jpeg\" \/>\n<meta name=\"twitter:card\" content=\"summary_large_image\" \/>\n<meta name=\"twitter:label1\" content=\"Temps estimat de lectura\" \/>\n\t<meta name=\"twitter:data1\" content=\"4 minuts\" \/>\n<!-- \/ Yoast SEO Premium plugin. -->","yoast_head_json":{"title":"Pol\u00edtica de privacitat - Anna Flores","robots":{"index":"noindex","follow":"nofollow"},"og_locale":"ca_ES","og_type":"article","og_title":"Pol\u00edtica de privacidad","og_url":"https:\/\/www.annaflores.es\/ca\/politica-privacidad\/","og_site_name":"Anna Flores","article_publisher":"https:\/\/www.facebook.com\/InstitutCoachingPNLAnnaFlores\/","article_modified_time":"2023-01-30T12:40:11+00:00","og_image":[{"width":1748,"height":1867,"url":"https:\/\/annaflores.es\/wp-content\/uploads\/AF3.jpg","type":"image\/jpeg"}],"twitter_card":"summary_large_image","twitter_misc":{"Temps estimat de lectura":"4 minuts"},"schema":{"@context":"https:\/\/schema.org","@graph":[{"@type":"WebPage","@id":"https:\/\/www.annaflores.es\/ca\/politica-privacidad\/","url":"https:\/\/www.annaflores.es\/ca\/politica-privacidad\/","name":"Pol\u00edtica de privacitat - Anna Flores","isPartOf":{"@id":"https:\/\/www.annaflores.es\/ca\/#website"},"datePublished":"2018-05-26T11:16:39+00:00","dateModified":"2023-01-30T12:40:11+00:00","breadcrumb":{"@id":"https:\/\/www.annaflores.es\/ca\/politica-privacidad\/#breadcrumb"},"inLanguage":"ca","potentialAction":[{"@type":"ReadAction","target":["https:\/\/www.annaflores.es\/ca\/politica-privacidad\/"]}]},{"@type":"BreadcrumbList","@id":"https:\/\/www.annaflores.es\/ca\/politica-privacidad\/#breadcrumb","itemListElement":[{"@type":"ListItem","position":1,"name":"Inicio","item":"https:\/\/www.annaflores.es\/ca\/"},{"@type":"ListItem","position":2,"name":"Pol\u00edtica de privacidad"}]},{"@type":"WebSite","@id":"https:\/\/www.annaflores.es\/ca\/#website","url":"https:\/\/www.annaflores.es\/ca\/","name":"Anna Flores","description":"Cursos de Coaching i PNL a Barcelona","publisher":{"@id":"https:\/\/www.annaflores.es\/ca\/#organization"},"alternateName":"Institut Anna Flores","potentialAction":[{"@type":"SearchAction","target":{"@type":"EntryPoint","urlTemplate":"https:\/\/www.annaflores.es\/ca\/?s={search_term_string}"},"query-input":{"@type":"PropertyValueSpecification","valueRequired":true,"valueName":"search_term_string"}}],"inLanguage":"ca"},{"@type":"Organization","@id":"https:\/\/www.annaflores.es\/ca\/#organization","name":"Institut Anna Flors","alternateName":"Anna Flores","url":"https:\/\/www.annaflores.es\/ca\/","logo":{"@type":"ImageObject","inLanguage":"ca","@id":"https:\/\/www.annaflores.es\/ca\/#\/schema\/logo\/image\/","url":"https:\/\/annaflores.es\/wp-content\/uploads\/IAFCAT-BLAU-MES-INTENS_traspa-e1610467605488.png","contentUrl":"https:\/\/annaflores.es\/wp-content\/uploads\/IAFCAT-BLAU-MES-INTENS_traspa-e1610467605488.png","width":200,"height":51,"caption":"Instituto Anna Flores"},"image":{"@id":"https:\/\/www.annaflores.es\/ca\/#\/schema\/logo\/image\/"},"sameAs":["https:\/\/www.facebook.com\/InstitutCoachingPNLAnnaFlores\/","https:\/\/www.instagram.com\/annafloresinstitut\/","https:\/\/www.linkedin.com\/in\/annaflorescoaching\/","https:\/\/www.youtube.com\/c\/InstitutodePNLyCoachingAnnaFlores"]}]}},"_links":{"self":[{"href":"https:\/\/annaflores.es\/ca\/wp-json\/wp\/v2\/pages\/12420","targetHints":{"allow":["GET"]}}],"collection":[{"href":"https:\/\/annaflores.es\/ca\/wp-json\/wp\/v2\/pages"}],"about":[{"href":"https:\/\/annaflores.es\/ca\/wp-json\/wp\/v2\/types\/page"}],"author":[{"embeddable":true,"href":"https:\/\/annaflores.es\/ca\/wp-json\/wp\/v2\/users\/2"}],"replies":[{"embeddable":true,"href":"https:\/\/annaflores.es\/ca\/wp-json\/wp\/v2\/comments?post=12420"}],"version-history":[{"count":0,"href":"https:\/\/annaflores.es\/ca\/wp-json\/wp\/v2\/pages\/12420\/revisions"}],"wp:attachment":[{"href":"https:\/\/annaflores.es\/ca\/wp-json\/wp\/v2\/media?parent=12420"}],"curies":[{"name":"wp","href":"https:\/\/api.w.org\/{rel}","templated":true}]}}