{"id":12421,"date":"2018-05-26T13:52:58","date_gmt":"2018-05-26T11:52:58","guid":{"rendered":"https:\/\/www.annaflores.es\/?page_id=12421"},"modified":"2021-01-25T08:34:18","modified_gmt":"2021-01-25T07:34:18","slug":"politica-de-cookies","status":"publish","type":"page","link":"https:\/\/annaflores.es\/ca\/politica-de-cookies\/","title":{"rendered":"Pol\u00edtica de cookies"},"content":{"rendered":"<h2><strong>POL\u00cdTICA DE COOKIES<\/strong><\/h2>\n<h3>Per qu\u00e8 ANNA FLORES utilitza cookies?<\/h3>\n<p>En ANNA FLORES SOTO utilitzem cookies per a recuperar informaci\u00f3 i d\u2019aquesta forma oferir a l\u2019usuari una navegaci\u00f3 m\u00e9s \u00e0gil evitant sol\u00b7licitar dades que aquest ja va subministrar anteriorment.<\/p>\n<p>Aix\u00ed mateix, utilitzem cookies per a analitzar el comportament dels usuaris en navegar en la web, resultant una eina molt efica\u00e7 per a valorar el funcionament de la p\u00e0gina web i introduir millores.<\/p>\n<h3>De quina forma ANNA FLORES  utilitza les cookies?<\/h3>\n<p>ANNA FLORES SOTO utilitza les cookies per a obtenir informaci\u00f3 que considera de gran utilitat. El tipus de cookies que utilitza i la informaci\u00f3 que obt\u00e9 amb cadascuna queda detallat a continuaci\u00f3:<\/p>\n<p><strong>1. Cookies anal\u00edtiques\u00a0\u00a0 <\/strong><\/p>\n<p>Aquestes cookies s\u2019utilitzen per a analitzar el comportament dels usuaris de forma agregada i an\u00f2nima incloent el nombre de visitants a la web i a diferents fitxes de producte, la proced\u00e8ncia de les visita, dia i hora, plataforma, numero de clics en una fitxa, paraules de cerca que utilitza un usuari per a trobar el seu contingut desitjat. D\u2019aquesta forma ANNA FLORES SOTO se serveix d\u2019un mitj\u00e0 de gran utilitat per a poder introduir millores en el lloc web i saber quin contingut o disseny \u00e9s m\u00e9s rellevant per a l\u2019usuari.<\/p>\n<p><strong>2. Cookies funcionals\u00a0\u00a0\u00a0 <\/strong><\/p>\n<p>S\u00f3n cookies que ajuden l\u2019usuari a tenir una millor experi\u00e8ncia de la navegaci\u00f3 pel lloc. Un exemple d\u2019\u00fas d\u2019aquesta mena de cookies s\u00f3n les que s\u2019utilitzen per a emmagatzemar les dades de l\u2019\u00faltima cerca d\u2019un producte per a acte emplenar el cercador, el pa\u00eds, ciutat de prefer\u00e8ncia i \u00faltims productes consultats per l\u2019usuari.<\/p>\n<p><strong>3. Cookies de publicitat\u00a0\u00a0\u00a0\u00a0<\/strong><\/p>\n<p>Utilitzem aquestes cookies amb la finalitat de mostrar anuncis en altres p\u00e0gines per a oferir anuncis m\u00e9s adequats als interessos dels usuaris. En aquest cas tenim tant cookies pr\u00f2pies com cookies emmagatzemats per tercers.<\/p>\n<p><strong>4. Cookies t\u00e8cniques\u00a0 <\/strong><\/p>\n<p>Les cookies t\u00e8cniques s\u00f3n necess\u00e0ries per a mostrar correctament la p\u00e0gina web i garantir el correcte funcionament del lloc. Aquestes cookies estan relacionades amb la sessi\u00f3 de l\u2019usuari i el login.<\/p>\n<p>&nbsp;<\/p>\n<h3>Com pot obtenir-se m\u00e9s informaci\u00f3 sobre les cookies, administrar-les i\/o eliminar-les?<\/h3>\n<p>Es pot obtenir m\u00e9s informaci\u00f3 sobre les cookies i consultar els passos per a deshabilitar la seva  instal\u00b7laci\u00f3 en les seccions de \u201cAjuda\u201d de les p\u00e0gines web cada navegador, per exemple Microsoft Internet Explorer, Google Chrome, Safari, Mozilla Firefox i Opera.<\/p>","protected":false},"excerpt":{"rendered":"<p>POL\u00cdTICA DE COOKIES \u00bfPor qu\u00e9 ANNA FLORES utiliza cookies? En ANNA FLORES SOTO utilizamos cookies para recuperar informaci\u00f3n y de esta forma ofrecer al usuario una navegaci\u00f3n m\u00e1s \u00e1gil evitando solicitar datos que este ya suministr\u00f3 anteriormente. Asimismo, utilizamos cookies para analizar el comportamiento de los usuarios al navegar en la web, resultando una herramienta  [&#8230;]<\/p>\n","protected":false},"author":2,"featured_media":0,"parent":0,"menu_order":0,"comment_status":"closed","ping_status":"closed","template":"","meta":{"_acf_changed":false,"footnotes":""},"class_list":["post-12421","page","type-page","status-publish","hentry"],"acf":[],"yoast_head":"<!-- This site is optimized with the Yoast SEO Premium plugin v23.9 (Yoast SEO v27.4) - https:\/\/yoast.com\/product\/yoast-seo-premium-wordpress\/ -->\n<title>Pol\u00edtica de cookies - Anna Flores<\/title>\n<meta name=\"robots\" content=\"noindex, nofollow\" \/>\n<meta property=\"og:locale\" content=\"ca_ES\" \/>\n<meta property=\"og:type\" content=\"article\" \/>\n<meta property=\"og:title\" content=\"Pol\u00edtica de cookies\" \/>\n<meta property=\"og:description\" content=\"POL\u00cdTICA DE COOKIES \u00bfPor qu\u00e9 ANNA FLORES utiliza cookies? En ANNA FLORES SOTO utilizamos cookies para recuperar informaci\u00f3n y de esta forma ofrecer al usuario una navegaci\u00f3n m\u00e1s \u00e1gil evitando solicitar datos que este ya suministr\u00f3 anteriormente. Asimismo, utilizamos cookies para analizar el comportamiento de los usuarios al navegar en la web, resultando una herramienta [...]\" \/>\n<meta property=\"og:url\" content=\"https:\/\/annaflores.es\/ca\/politica-de-cookies\/\" \/>\n<meta property=\"og:site_name\" content=\"Anna Flores\" \/>\n<meta property=\"article:publisher\" content=\"https:\/\/www.facebook.com\/InstitutCoachingPNLAnnaFlores\/\" \/>\n<meta property=\"article:modified_time\" content=\"2021-01-25T07:34:18+00:00\" \/>\n<meta property=\"og:image\" content=\"https:\/\/annaflores.es\/wp-content\/uploads\/AF3.jpg\" \/>\n\t<meta property=\"og:image:width\" content=\"1748\" \/>\n\t<meta property=\"og:image:height\" content=\"1867\" \/>\n\t<meta property=\"og:image:type\" content=\"image\/jpeg\" \/>\n<meta name=\"twitter:card\" content=\"summary_large_image\" \/>\n<meta name=\"twitter:label1\" content=\"Temps estimat de lectura\" \/>\n\t<meta name=\"twitter:data1\" content=\"2 minuts\" \/>\n<!-- \/ Yoast SEO Premium plugin. -->","yoast_head_json":{"title":"Pol\u00edtica de cookies - Anna Flores","robots":{"index":"noindex","follow":"nofollow"},"og_locale":"ca_ES","og_type":"article","og_title":"Pol\u00edtica de cookies","og_description":"POL\u00cdTICA DE COOKIES \u00bfPor qu\u00e9 ANNA FLORES utiliza cookies? En ANNA FLORES SOTO utilizamos cookies para recuperar informaci\u00f3n y de esta forma ofrecer al usuario una navegaci\u00f3n m\u00e1s \u00e1gil evitando solicitar datos que este ya suministr\u00f3 anteriormente. Asimismo, utilizamos cookies para analizar el comportamiento de los usuarios al navegar en la web, resultando una herramienta [...]","og_url":"https:\/\/annaflores.es\/ca\/politica-de-cookies\/","og_site_name":"Anna Flores","article_publisher":"https:\/\/www.facebook.com\/InstitutCoachingPNLAnnaFlores\/","article_modified_time":"2021-01-25T07:34:18+00:00","og_image":[{"width":1748,"height":1867,"url":"https:\/\/annaflores.es\/wp-content\/uploads\/AF3.jpg","type":"image\/jpeg"}],"twitter_card":"summary_large_image","twitter_misc":{"Temps estimat de lectura":"2 minuts"},"schema":{"@context":"https:\/\/schema.org","@graph":[{"@type":"WebPage","@id":"https:\/\/annaflores.es\/politica-de-cookies\/","url":"https:\/\/annaflores.es\/politica-de-cookies\/","name":"Pol\u00edtica de cookies - Anna Flores","isPartOf":{"@id":"https:\/\/annaflores.es\/#website"},"datePublished":"2018-05-26T11:52:58+00:00","dateModified":"2021-01-25T07:34:18+00:00","breadcrumb":{"@id":"https:\/\/annaflores.es\/politica-de-cookies\/#breadcrumb"},"inLanguage":"ca","potentialAction":[{"@type":"ReadAction","target":["https:\/\/annaflores.es\/politica-de-cookies\/"]}]},{"@type":"BreadcrumbList","@id":"https:\/\/annaflores.es\/politica-de-cookies\/#breadcrumb","itemListElement":[{"@type":"ListItem","position":1,"name":"Inicio","item":"https:\/\/www.annaflores.es\/"},{"@type":"ListItem","position":2,"name":"Pol\u00edtica de cookies"}]},{"@type":"WebSite","@id":"https:\/\/annaflores.es\/#website","url":"https:\/\/annaflores.es\/","name":"Anna Flores","description":"Cursos de Coaching i PNL a Barcelona","publisher":{"@id":"https:\/\/annaflores.es\/#organization"},"alternateName":"Institut Anna Flores","potentialAction":[{"@type":"SearchAction","target":{"@type":"EntryPoint","urlTemplate":"https:\/\/annaflores.es\/?s={search_term_string}"},"query-input":{"@type":"PropertyValueSpecification","valueRequired":true,"valueName":"search_term_string"}}],"inLanguage":"ca"},{"@type":"Organization","@id":"https:\/\/annaflores.es\/#organization","name":"Institut Anna Flors","alternateName":"Anna Flores","url":"https:\/\/annaflores.es\/","logo":{"@type":"ImageObject","inLanguage":"ca","@id":"https:\/\/annaflores.es\/#\/schema\/logo\/image\/","url":"https:\/\/annaflores.es\/wp-content\/uploads\/IAFCAT-BLAU-MES-INTENS_traspa-e1610467605488.png","contentUrl":"https:\/\/annaflores.es\/wp-content\/uploads\/IAFCAT-BLAU-MES-INTENS_traspa-e1610467605488.png","width":200,"height":51,"caption":"Instituto Anna Flores"},"image":{"@id":"https:\/\/annaflores.es\/#\/schema\/logo\/image\/"},"sameAs":["https:\/\/www.facebook.com\/InstitutCoachingPNLAnnaFlores\/","https:\/\/www.instagram.com\/annafloresinstitut\/","https:\/\/www.linkedin.com\/in\/annaflorescoaching\/","https:\/\/www.youtube.com\/c\/InstitutodePNLyCoachingAnnaFlores"]}]}},"_links":{"self":[{"href":"https:\/\/annaflores.es\/ca\/wp-json\/wp\/v2\/pages\/12421","targetHints":{"allow":["GET"]}}],"collection":[{"href":"https:\/\/annaflores.es\/ca\/wp-json\/wp\/v2\/pages"}],"about":[{"href":"https:\/\/annaflores.es\/ca\/wp-json\/wp\/v2\/types\/page"}],"author":[{"embeddable":true,"href":"https:\/\/annaflores.es\/ca\/wp-json\/wp\/v2\/users\/2"}],"replies":[{"embeddable":true,"href":"https:\/\/annaflores.es\/ca\/wp-json\/wp\/v2\/comments?post=12421"}],"version-history":[{"count":0,"href":"https:\/\/annaflores.es\/ca\/wp-json\/wp\/v2\/pages\/12421\/revisions"}],"wp:attachment":[{"href":"https:\/\/annaflores.es\/ca\/wp-json\/wp\/v2\/media?parent=12421"}],"curies":[{"name":"wp","href":"https:\/\/api.w.org\/{rel}","templated":true}]}}