{"id":15166,"date":"2020-04-10T13:03:49","date_gmt":"2020-04-10T11:03:49","guid":{"rendered":"https:\/\/www.annaflores.es\/?page_id=15166"},"modified":"2021-10-13T11:00:05","modified_gmt":"2021-10-13T09:00:05","slug":"privacitat-inscripcio","status":"publish","type":"page","link":"https:\/\/annaflores.es\/ca\/privacidad-inscripcion\/","title":{"rendered":"Pol\u00edtica de privacitat Formulari d&#039;Inscripci\u00f3"},"content":{"rendered":"<h2><strong>POL\u00cdTICA DE PRIVACITAT<\/strong><\/h2>\n<h3><strong>Informaci\u00f3 b\u00e0sica sobre Protecci\u00f3 de Dades<\/strong><strong> referent a l&#039;tractament de dades de les persones interessades en els nostres cursos<\/strong><\/h3>\n<p>El tractament de dades d&#039;aquest formulari de contacte \u00e9s responsabilitat de <strong>ANNA FLORES SOTO<\/strong> la finalitat \u00e9s la de Gesti\u00f3 de cursos i enviament de publicitat i per a la legitimaci\u00f3 de l&#039;consentiment de la persona interessada. No es preveuen comunicacions de dades a tercers, excepte obligaci\u00f3 legal o les estrictament necess\u00e0ries per a la prestaci\u00f3 de servei. Les persones interessades en els nostres cursos podran Accedir, rectificar i suprimir les dades, aix\u00ed com altres drets, com s&#039;explica a la informaci\u00f3 addicional i poden consultar la informaci\u00f3 addicional i detallada sobre Protecci\u00f3 de Dades a continuaci\u00f3.<\/p>\n<p>&nbsp;<\/p>\n<h3><strong>Informaci\u00f3 detallada sobre Protecci\u00f3 de Dades referent al <\/strong><strong>tractament de dades d&#039;aquest formulari d&#039;inscripci\u00f3<\/strong><\/h3>\n<h3><strong>Qui \u00e9s el responsable del tractament de les seves dades?<\/strong><\/h3>\n<p>Identitat: ANNA FLORES SOTO<br \/>\nAdre\u00e7a Postal: Gran V\u00eda 617 Corts Catalanes, Ent-2\u00aa 08007 Barcelona<br \/>\nTel\u00e8fon: (+34) 934 637 083<br \/>\nCorreu electr\u00f2nic: info@institutannaflores.com<br \/>\nDelegat PD: Anna Flores Soto<br \/>\nHorari de contacte: 10:00 a 13:30 laborables de dilluns a divendres<br \/>\nContacte DPD: info@institutannaflores.com<\/p>\n<p>&nbsp;<\/p>\n<h3><strong>Amb quina finalitat tractem les seves dades personals?<\/strong><\/h3>\n<p>A ANNA FLORES tractem la informaci\u00f3 que ens faciliten a trav\u00e9s de l'email de contacte per donar resposta a les consultes rebudes, aix\u00ed com per gestionar les peticions que ens facin.<\/p>\n<p>&nbsp;<\/p>\n<h3><strong>Per quant de temps conservarem les seves dades?<\/strong><\/h3>\n<p>Les dades proporcionades es conservaran mentre l'interessat no sol\u00b7liciti la supressi\u00f3 de la informaci\u00f3.<\/p>\n<p>&nbsp;<\/p>\n<h3><strong>Quina \u00e9s la legitimaci\u00f3 per al tractament de les seves dades?<\/strong><\/h3>\n<p>La base legal per al tractament de les dades \u00e9s el consentiment de la persona interessada.<\/p>\n<p>&nbsp;<\/p>\n<h3><strong>A quins destinataris es comunicaran les seves dades?<\/strong><\/h3>\n<p>ANNA FLORS contracta la seva infraestructura virtual segons un model de \"computaci\u00f3 en el n\u00favol\" a trav\u00e9s de diferents prove\u00efdors ubicats dins i fora de la UE. Els prove\u00efdors de fora de la UE compleixen amb el framework \"E.U-US Privacy Shield\" i no es preveuen altres comunicacions de dades a tercers, excepte obligaci\u00f3 legal.<\/p>\n<p>&nbsp;<\/p>\n<h3><strong>Quins s\u00f3n els seus drets quan ens facilita les seves dades?<\/strong><\/h3>\n<p>Qualsevol persona t\u00e9 dret a obtenir confirmaci\u00f3 sobre si en ANNA FLORES estem tractant dades personals que els concerneixin o no.<\/p>\n<p>Les persones interessades tenen dret a accedir a les seves dades personals, aix\u00ed com a sol\u00b7licitar la rectificaci\u00f3 de les dades inexactes o, si escau, sol\u00b7licitar la seva supressi\u00f3 quan, entre d'altres motius, les dades ja no siguin necessaris per als fins que van ser recollides.<\/p>\n<p>En determinades circumst\u00e0ncies, els interessats podran sol\u00b7licitar la limitaci\u00f3 de l'tractament de les seves dades, en aquest cas \u00fanicament els conservarem per a l'exercici o la defensa de reclamacions.<\/p>\n<p>En determinades circumst\u00e0ncies i per motius relacionats amb la seva situaci\u00f3 particular, els interessats podran oposar-se a el tractament de les seves dades. ANNA FLORES deixar\u00e0 de tractar les dades, excepte per motius leg\u00edtims imperiosos, per a l'exercici o la defensa de possibles reclamacions.<\/p>\n<p>En virtut de el dret a la portabilitat, els interessats tenen dret a obtenir les dades personals que els incumbeixen en un format estructurat d'\u00fas com\u00fa i lectura mec\u00e0nica i a transmetre'ls a un altre responsable.<\/p>\n<p>&nbsp;<\/p>\n<h3><strong>Com es poden exercir els drets?<\/strong><\/h3>\n<p>Mitjan\u00e7ant un escrit, adjuntant fotoc\u00f2pia del DNI o document identificatiu equivalent, dirigit a: ANNA FLORES SOTO, Gran Via 617 Corts Catalanes 617, Ent-2\u00aa 08007 Barcelona oa trav\u00e9s d&#039;un correu electr\u00f2nic adjuntant el seu document identificatiu a l&#039;electr\u00f2nic: info@institutannaflores.com<\/p>\n<p>&nbsp;<\/p>\n<h3><strong>Quines vies de reclamaci\u00f3 hi ha?<\/strong><\/h3>\n<p>Si considera que els seus drets no s'han at\u00e8s degudament, t\u00e9 dret a presentar una reclamaci\u00f3 davant l'Ag\u00e8ncia Espanyola de Protecci\u00f3 de Dades.<\/p>","protected":false},"excerpt":{"rendered":"<p>POL\u00cdTICA DE PRIVACIDAD Informaci\u00f3n b\u00e1sica sobre Protecci\u00f3n de Datos referente al tratamiento de datos de las personas interesadas en nuestros cursos El tratamiento de datos de este formulario de contacto es responsabilidad de ANNA FLORES SOTO cuya finalidad es la de Gesti\u00f3n de cursos y env\u00edo de publicidad y para la legitimaci\u00f3n del consentimiento del  [&#8230;]<\/p>\n","protected":false},"author":2,"featured_media":0,"parent":0,"menu_order":0,"comment_status":"open","ping_status":"open","template":"blank.php","meta":{"_acf_changed":false,"footnotes":""},"class_list":["post-15166","page","type-page","status-publish","hentry"],"acf":[],"yoast_head":"<!-- This site is optimized with the Yoast SEO Premium plugin v23.9 (Yoast SEO v27.4) - https:\/\/yoast.com\/product\/yoast-seo-premium-wordpress\/ -->\n<title>Pol\u00edtica de privacidad Formulario de Inscripci\u00f3n - Anna Flores<\/title>\n<meta name=\"robots\" content=\"noindex, nofollow\" \/>\n<meta property=\"og:locale\" content=\"ca_ES\" \/>\n<meta property=\"og:type\" content=\"article\" \/>\n<meta property=\"og:title\" content=\"Pol\u00edtica de privacidad Formulario de Inscripci\u00f3n\" \/>\n<meta property=\"og:description\" content=\"POL\u00cdTICA DE PRIVACIDAD Informaci\u00f3n b\u00e1sica sobre Protecci\u00f3n de Datos referente al tratamiento de datos de las personas interesadas en nuestros cursos El tratamiento de datos de este formulario de contacto es responsabilidad de ANNA FLORES SOTO cuya finalidad es la de Gesti\u00f3n de cursos y env\u00edo de publicidad y para la legitimaci\u00f3n del consentimiento del [...]\" \/>\n<meta property=\"og:url\" content=\"https:\/\/www.annaflores.es\/ca\/privacitat-inscripcio\/\" \/>\n<meta property=\"og:site_name\" content=\"Anna Flores\" \/>\n<meta property=\"article:publisher\" content=\"https:\/\/www.facebook.com\/InstitutCoachingPNLAnnaFlores\/\" \/>\n<meta property=\"article:modified_time\" content=\"2021-10-13T09:00:05+00:00\" \/>\n<meta property=\"og:image\" content=\"https:\/\/annaflores.es\/wp-content\/uploads\/AF3.jpg\" \/>\n\t<meta property=\"og:image:width\" content=\"1748\" \/>\n\t<meta property=\"og:image:height\" content=\"1867\" \/>\n\t<meta property=\"og:image:type\" content=\"image\/jpeg\" \/>\n<meta name=\"twitter:card\" content=\"summary_large_image\" \/>\n<meta name=\"twitter:label1\" content=\"Temps estimat de lectura\" \/>\n\t<meta name=\"twitter:data1\" content=\"3 minuts\" \/>\n<!-- \/ Yoast SEO Premium plugin. -->","yoast_head_json":{"title":"Pol\u00edtica de privacitat Formulari d&#039;Inscripci\u00f3 - Anna Flores","robots":{"index":"noindex","follow":"nofollow"},"og_locale":"ca_ES","og_type":"article","og_title":"Pol\u00edtica de privacidad Formulario de Inscripci\u00f3n","og_description":"POL\u00cdTICA DE PRIVACIDAD Informaci\u00f3n b\u00e1sica sobre Protecci\u00f3n de Datos referente al tratamiento de datos de las personas interesadas en nuestros cursos El tratamiento de datos de este formulario de contacto es responsabilidad de ANNA FLORES SOTO cuya finalidad es la de Gesti\u00f3n de cursos y env\u00edo de publicidad y para la legitimaci\u00f3n del consentimiento del [...]","og_url":"https:\/\/www.annaflores.es\/ca\/privacitat-inscripcio\/","og_site_name":"Anna Flores","article_publisher":"https:\/\/www.facebook.com\/InstitutCoachingPNLAnnaFlores\/","article_modified_time":"2021-10-13T09:00:05+00:00","og_image":[{"width":1748,"height":1867,"url":"https:\/\/annaflores.es\/wp-content\/uploads\/AF3.jpg","type":"image\/jpeg"}],"twitter_card":"summary_large_image","twitter_misc":{"Temps estimat de lectura":"3 minuts"},"schema":{"@context":"https:\/\/schema.org","@graph":[{"@type":"WebPage","@id":"https:\/\/www.annaflores.es\/ca\/privacitat-inscripcio\/","url":"https:\/\/www.annaflores.es\/ca\/privacitat-inscripcio\/","name":"Pol\u00edtica de privacitat Formulari d&#039;Inscripci\u00f3 - Anna Flores","isPartOf":{"@id":"https:\/\/annaflores.es\/#website"},"datePublished":"2020-04-10T11:03:49+00:00","dateModified":"2021-10-13T09:00:05+00:00","breadcrumb":{"@id":"https:\/\/www.annaflores.es\/ca\/privacitat-inscripcio\/#breadcrumb"},"inLanguage":"ca","potentialAction":[{"@type":"ReadAction","target":["https:\/\/www.annaflores.es\/ca\/privacitat-inscripcio\/"]}]},{"@type":"BreadcrumbList","@id":"https:\/\/www.annaflores.es\/ca\/privacitat-inscripcio\/#breadcrumb","itemListElement":[{"@type":"ListItem","position":1,"name":"Inicio","item":"https:\/\/www.annaflores.es\/"},{"@type":"ListItem","position":2,"name":"Pol\u00edtica de privacidad Formulario de Inscripci\u00f3n"}]},{"@type":"WebSite","@id":"https:\/\/annaflores.es\/#website","url":"https:\/\/annaflores.es\/","name":"Anna Flores","description":"Cursos de Coaching i PNL a Barcelona","publisher":{"@id":"https:\/\/annaflores.es\/#organization"},"alternateName":"Institut Anna Flores","potentialAction":[{"@type":"SearchAction","target":{"@type":"EntryPoint","urlTemplate":"https:\/\/annaflores.es\/?s={search_term_string}"},"query-input":{"@type":"PropertyValueSpecification","valueRequired":true,"valueName":"search_term_string"}}],"inLanguage":"ca"},{"@type":"Organization","@id":"https:\/\/annaflores.es\/#organization","name":"Institut Anna Flors","alternateName":"Anna Flores","url":"https:\/\/annaflores.es\/","logo":{"@type":"ImageObject","inLanguage":"ca","@id":"https:\/\/annaflores.es\/#\/schema\/logo\/image\/","url":"https:\/\/annaflores.es\/wp-content\/uploads\/IAFCAT-BLAU-MES-INTENS_traspa-e1610467605488.png","contentUrl":"https:\/\/annaflores.es\/wp-content\/uploads\/IAFCAT-BLAU-MES-INTENS_traspa-e1610467605488.png","width":200,"height":51,"caption":"Instituto Anna Flores"},"image":{"@id":"https:\/\/annaflores.es\/#\/schema\/logo\/image\/"},"sameAs":["https:\/\/www.facebook.com\/InstitutCoachingPNLAnnaFlores\/","https:\/\/www.instagram.com\/annafloresinstitut\/","https:\/\/www.linkedin.com\/in\/annaflorescoaching\/","https:\/\/www.youtube.com\/c\/InstitutodePNLyCoachingAnnaFlores"]}]}},"_links":{"self":[{"href":"https:\/\/annaflores.es\/ca\/wp-json\/wp\/v2\/pages\/15166","targetHints":{"allow":["GET"]}}],"collection":[{"href":"https:\/\/annaflores.es\/ca\/wp-json\/wp\/v2\/pages"}],"about":[{"href":"https:\/\/annaflores.es\/ca\/wp-json\/wp\/v2\/types\/page"}],"author":[{"embeddable":true,"href":"https:\/\/annaflores.es\/ca\/wp-json\/wp\/v2\/users\/2"}],"replies":[{"embeddable":true,"href":"https:\/\/annaflores.es\/ca\/wp-json\/wp\/v2\/comments?post=15166"}],"version-history":[{"count":0,"href":"https:\/\/annaflores.es\/ca\/wp-json\/wp\/v2\/pages\/15166\/revisions"}],"wp:attachment":[{"href":"https:\/\/annaflores.es\/ca\/wp-json\/wp\/v2\/media?parent=15166"}],"curies":[{"name":"wp","href":"https:\/\/api.w.org\/{rel}","templated":true}]}}