{"id":15179,"date":"2020-04-10T16:27:59","date_gmt":"2020-04-10T14:27:59","guid":{"rendered":"https:\/\/www.annaflores.es\/?page_id=15179"},"modified":"2023-01-30T13:42:19","modified_gmt":"2023-01-30T12:42:19","slug":"politica-de-cancelacio","status":"publish","type":"page","link":"https:\/\/annaflores.es\/ca\/politica-de-cancelacion\/","title":{"rendered":"Pol\u00edtica de cancel.laci\u00f3"},"content":{"rendered":"<div class=\"fusion-fullwidth fullwidth-box fusion-builder-row-1 fusion-flex-container nonhundred-percent-fullwidth non-hundred-percent-height-scrolling\" style=\"--awb-border-radius-top-left:0px;--awb-border-radius-top-right:0px;--awb-border-radius-bottom-right:0px;--awb-border-radius-bottom-left:0px;--awb-flex-wrap:wrap;\" ><div class=\"fusion-builder-row fusion-row fusion-flex-align-items-flex-start fusion-flex-content-wrap\" style=\"max-width:1424.8px;margin-left: calc(-4% \/ 2 );margin-right: calc(-4% \/ 2 );\"><div class=\"fusion-layout-column fusion_builder_column fusion-builder-column-0 fusion_builder_column_1_1 1_1 fusion-flex-column\" style=\"--awb-bg-size:cover;--awb-width-large:100%;--awb-margin-top-large:0px;--awb-spacing-right-large:1.92%;--awb-margin-bottom-large:0px;--awb-spacing-left-large:1.92%;--awb-width-medium:100%;--awb-spacing-right-medium:1.92%;--awb-spacing-left-medium:1.92%;--awb-width-small:100%;--awb-spacing-right-small:1.92%;--awb-spacing-left-small:1.92%;\"><div class=\"fusion-column-wrapper fusion-flex-justify-content-flex-start fusion-content-layout-column\"><div class=\"fusion-title title fusion-title-1 fusion-title-text fusion-title-size-one\" style=\"--awb-margin-top-small:0px;--awb-margin-right-small:0px;--awb-margin-bottom-small:10px;--awb-margin-left-small:0px;\"><div class=\"title-sep-container title-sep-container-left fusion-no-large-visibility fusion-no-medium-visibility fusion-no-small-visibility\"><div class=\"title-sep sep-double sep-solid\" style=\"border-color:#e0dede;\"><\/div><\/div><span class=\"awb-title-spacer fusion-no-large-visibility fusion-no-medium-visibility fusion-no-small-visibility\"><\/span><h1 class=\"fusion-title-heading title-heading-left fusion-responsive-typography-calculated\" style=\"margin:0;--fontSize:36;line-height:1.4;\">Pol\u00edtica de Cancel\u00b7laci\u00f3<\/h1><span class=\"awb-title-spacer\"><\/span><div class=\"title-sep-container title-sep-container-right\"><div class=\"title-sep sep-double sep-solid\" style=\"border-color:#e0dede;\"><\/div><\/div><\/div><div class=\"fusion-text fusion-text-1\"><h3>1. Cancel\u00b7laci\u00f3 per part de l'alumne\/a<\/h3>\n<p>Per a la cancel\u00b7laci\u00f3 per part del\/a alumne\/a de la inscripci\u00f3 a qualsevol dels cursos impartits per l'Institut Anna Flores es requereix una notificaci\u00f3 a trav\u00e9s de correu electr\u00f2nic a info@institutannaflores.com, enviant el justificant de pagament, la factura emesa per Institut Anna Flores i el seu n\u00famero de compte bancari.<\/p>\n<p>A continuaci\u00f3, detallem els diferents casos que poden donar-se en una cancel\u00b7laci\u00f3 i les normes que els regeixen:<\/p>\n<ul>\n<li>Notificacions rebudes\u00a0<strong>amb<\/strong>\u00a0<strong>60 dies d'antelaci\u00f3<\/strong>\u00a0a la data d'inici del curs: el\/la alumne\/a rebr\u00e0 \u00edntegrament l'import total abonat fins al moment de la notificaci\u00f3, incl\u00f2s l'import de la matr\u00edcula*.<\/li>\n<li>Notificacions rebudes\u00a0<strong>entre els 60 i els 30 dies d'antelaci\u00f3<\/strong>\u00a0a la data d'inici del curs: el\/la alumne\/a rebr\u00e0 la devoluci\u00f3 de l'import abonat a excepci\u00f3 de la matr\u00edcula*, que es retindr\u00e0 com a dip\u00f2sit per a una futura formaci\u00f3, a triar per l'alumne, l'inici del qual ha de ser en un termini m\u00e0xim de 18 mesos.<\/li>\n<li>Notificacions rebudes\u00a0<strong>entre els 30 dies d'antelaci\u00f3 i la data d'inici<\/strong>\u00a0del curs: el\/la alumne\/a no t\u00e9 dret a cap devoluci\u00f3, encara que tot l'import quedar\u00e0 en dip\u00f2sit per a una futura formaci\u00f3, a triar per l'alumne, l'inici de la qual ha de ser en un termini m\u00e0xim de 18 mesos.<\/li>\n<li>Notificacions rebudes\u00a0<strong>despr\u00e9s d'haver iniciat el curs<\/strong>: el\/la alumne\/a no rebr\u00e0 cap devoluci\u00f3. Perd l'import de la matr\u00edcula*, per\u00f2 la resta queda com a dip\u00f2sit per a una futura formaci\u00f3, a triar per el\/la alumne\/a, l'inici de la qual ha de ser en un termini m\u00e0xim de 18 mesos.<\/li>\n<\/ul>\n<\/div><div class=\"fusion-title title fusion-title-2 fusion-title-text fusion-title-size-one\" style=\"--awb-margin-top-small:0px;--awb-margin-right-small:0px;--awb-margin-bottom-small:10px;--awb-margin-left-small:0px;\"><div class=\"title-sep-container title-sep-container-left fusion-no-large-visibility fusion-no-medium-visibility fusion-no-small-visibility\"><div class=\"title-sep sep-double sep-solid\" style=\"border-color:#e0dede;\"><\/div><\/div><span class=\"awb-title-spacer fusion-no-large-visibility fusion-no-medium-visibility fusion-no-small-visibility\"><\/span><h1 class=\"fusion-title-heading title-heading-left fusion-responsive-typography-calculated\" style=\"margin:0;--fontSize:36;line-height:1.4;\"><\/h1><span class=\"awb-title-spacer\"><\/span><div class=\"title-sep-container title-sep-container-right\"><div class=\"title-sep sep-double sep-solid\" style=\"border-color:#e0dede;\"><\/div><\/div><\/div><div class=\"fusion-text fusion-text-2\"><h3>2. Cancel\u00b7laci\u00f3 per part de l\u00b4Institut Anna Flores<\/h3>\n<p>Per a cancel\u00b7lacions per part de l\u2019Institut Anna Flores, exceptuant les recollides per la llei com a causa major, el\/la alumne\/a t\u00e9 dues opcions a la seva elecci\u00f3:<\/p>\n<ul>\n<li>deixar l'import abonat a compte d'una formaci\u00f3 futura<\/li>\n<li>rebre el reemborsament de l'import \u00edntegre<\/li>\n<\/ul>\n<\/div><div class=\"fusion-title title fusion-title-3 fusion-title-text fusion-title-size-one\" style=\"--awb-margin-top-small:0px;--awb-margin-right-small:0px;--awb-margin-bottom-small:10px;--awb-margin-left-small:0px;\"><div class=\"title-sep-container title-sep-container-left fusion-no-large-visibility fusion-no-medium-visibility fusion-no-small-visibility\"><div class=\"title-sep sep-double sep-solid\" style=\"border-color:#e0dede;\"><\/div><\/div><span class=\"awb-title-spacer fusion-no-large-visibility fusion-no-medium-visibility fusion-no-small-visibility\"><\/span><h1 class=\"fusion-title-heading title-heading-left fusion-responsive-typography-calculated\" style=\"margin:0;--fontSize:36;line-height:1.4;\"><\/h1><span class=\"awb-title-spacer\"><\/span><div class=\"title-sep-container title-sep-container-right\"><div class=\"title-sep sep-double sep-solid\" style=\"border-color:#e0dede;\"><\/div><\/div><\/div><div class=\"fusion-text fusion-text-3\"><h3>* Import de la matr\u00edcula<\/h3>\n<ul>\n<li>El preu de totes les nostres formacions inclou l'import de la matr\u00edcula, que \u00e9s de <strong>250\u20ac<\/strong> per a tots els nostres cursos excepte el Programa Coach Expert en PNL, l'import del qual, en concepte de matr\u00edcula, \u00e9s de 750\u20ac.<\/li>\n<\/ul>\n<h3><\/h3>\n<\/div><\/div><\/div><\/div><\/div>","protected":false},"excerpt":{"rendered":"","protected":false},"author":2,"featured_media":0,"parent":0,"menu_order":0,"comment_status":"closed","ping_status":"closed","template":"","meta":{"_acf_changed":false,"footnotes":""},"class_list":["post-15179","page","type-page","status-publish","hentry"],"acf":[],"yoast_head":"<!-- This site is optimized with the Yoast SEO Premium plugin v23.9 (Yoast SEO v27.4) - https:\/\/yoast.com\/product\/yoast-seo-premium-wordpress\/ -->\n<title>Pol\u00edtica de cancelaci\u00f3n - Anna Flores<\/title>\n<meta name=\"robots\" content=\"index, follow, max-snippet:-1, max-image-preview:large, max-video-preview:-1\" \/>\n<link rel=\"canonical\" href=\"https:\/\/annaflores.es\/ca\/politica-de-cancelacio\/\" \/>\n<meta property=\"og:locale\" content=\"ca_ES\" \/>\n<meta property=\"og:type\" content=\"article\" \/>\n<meta property=\"og:title\" content=\"Pol\u00edtica de cancelaci\u00f3n\" \/>\n<meta property=\"og:url\" content=\"https:\/\/annaflores.es\/ca\/politica-de-cancelacio\/\" \/>\n<meta property=\"og:site_name\" content=\"Anna Flores\" \/>\n<meta property=\"article:publisher\" content=\"https:\/\/www.facebook.com\/InstitutCoachingPNLAnnaFlores\/\" \/>\n<meta property=\"article:modified_time\" content=\"2023-01-30T12:42:19+00:00\" \/>\n<meta property=\"og:image\" content=\"https:\/\/annaflores.es\/wp-content\/uploads\/AF3.jpg\" \/>\n\t<meta property=\"og:image:width\" content=\"1748\" \/>\n\t<meta property=\"og:image:height\" content=\"1867\" \/>\n\t<meta property=\"og:image:type\" content=\"image\/jpeg\" \/>\n<meta name=\"twitter:card\" content=\"summary_large_image\" \/>\n<meta name=\"twitter:label1\" content=\"Temps estimat de lectura\" \/>\n\t<meta name=\"twitter:data1\" content=\"3 minuts\" \/>\n<!-- \/ Yoast SEO Premium plugin. -->","yoast_head_json":{"title":"Pol\u00edtica de cancel\u00b7laci\u00f3 - Anna Flores","robots":{"index":"index","follow":"follow","max-snippet":"max-snippet:-1","max-image-preview":"max-image-preview:large","max-video-preview":"max-video-preview:-1"},"canonical":"https:\/\/annaflores.es\/ca\/politica-de-cancelacio\/","og_locale":"ca_ES","og_type":"article","og_title":"Pol\u00edtica de cancelaci\u00f3n","og_url":"https:\/\/annaflores.es\/ca\/politica-de-cancelacio\/","og_site_name":"Anna Flores","article_publisher":"https:\/\/www.facebook.com\/InstitutCoachingPNLAnnaFlores\/","article_modified_time":"2023-01-30T12:42:19+00:00","og_image":[{"width":1748,"height":1867,"url":"https:\/\/annaflores.es\/wp-content\/uploads\/AF3.jpg","type":"image\/jpeg"}],"twitter_card":"summary_large_image","twitter_misc":{"Temps estimat de lectura":"3 minuts"},"schema":{"@context":"https:\/\/schema.org","@graph":[{"@type":"WebPage","@id":"https:\/\/annaflores.es\/ca\/politica-de-cancelacio\/","url":"https:\/\/annaflores.es\/ca\/politica-de-cancelacio\/","name":"Pol\u00edtica de cancel\u00b7laci\u00f3 - Anna Flores","isPartOf":{"@id":"https:\/\/www.annaflores.es\/ca\/#website"},"datePublished":"2020-04-10T14:27:59+00:00","dateModified":"2023-01-30T12:42:19+00:00","breadcrumb":{"@id":"https:\/\/annaflores.es\/ca\/politica-de-cancelacio\/#breadcrumb"},"inLanguage":"ca","potentialAction":[{"@type":"ReadAction","target":["https:\/\/annaflores.es\/ca\/politica-de-cancelacio\/"]}]},{"@type":"BreadcrumbList","@id":"https:\/\/annaflores.es\/ca\/politica-de-cancelacio\/#breadcrumb","itemListElement":[{"@type":"ListItem","position":1,"name":"Inicio","item":"https:\/\/www.annaflores.es\/ca\/"},{"@type":"ListItem","position":2,"name":"Pol\u00edtica de cancelaci\u00f3n"}]},{"@type":"WebSite","@id":"https:\/\/www.annaflores.es\/ca\/#website","url":"https:\/\/www.annaflores.es\/ca\/","name":"Anna Flores","description":"Cursos de Coaching i PNL a Barcelona","publisher":{"@id":"https:\/\/www.annaflores.es\/ca\/#organization"},"alternateName":"Institut Anna Flores","potentialAction":[{"@type":"SearchAction","target":{"@type":"EntryPoint","urlTemplate":"https:\/\/www.annaflores.es\/ca\/?s={search_term_string}"},"query-input":{"@type":"PropertyValueSpecification","valueRequired":true,"valueName":"search_term_string"}}],"inLanguage":"ca"},{"@type":"Organization","@id":"https:\/\/www.annaflores.es\/ca\/#organization","name":"Institut Anna Flors","alternateName":"Anna Flores","url":"https:\/\/www.annaflores.es\/ca\/","logo":{"@type":"ImageObject","inLanguage":"ca","@id":"https:\/\/www.annaflores.es\/ca\/#\/schema\/logo\/image\/","url":"https:\/\/annaflores.es\/wp-content\/uploads\/IAFCAT-BLAU-MES-INTENS_traspa-e1610467605488.png","contentUrl":"https:\/\/annaflores.es\/wp-content\/uploads\/IAFCAT-BLAU-MES-INTENS_traspa-e1610467605488.png","width":200,"height":51,"caption":"Instituto Anna Flores"},"image":{"@id":"https:\/\/www.annaflores.es\/ca\/#\/schema\/logo\/image\/"},"sameAs":["https:\/\/www.facebook.com\/InstitutCoachingPNLAnnaFlores\/","https:\/\/www.instagram.com\/annafloresinstitut\/","https:\/\/www.linkedin.com\/in\/annaflorescoaching\/","https:\/\/www.youtube.com\/c\/InstitutodePNLyCoachingAnnaFlores"]}]}},"_links":{"self":[{"href":"https:\/\/annaflores.es\/ca\/wp-json\/wp\/v2\/pages\/15179","targetHints":{"allow":["GET"]}}],"collection":[{"href":"https:\/\/annaflores.es\/ca\/wp-json\/wp\/v2\/pages"}],"about":[{"href":"https:\/\/annaflores.es\/ca\/wp-json\/wp\/v2\/types\/page"}],"author":[{"embeddable":true,"href":"https:\/\/annaflores.es\/ca\/wp-json\/wp\/v2\/users\/2"}],"replies":[{"embeddable":true,"href":"https:\/\/annaflores.es\/ca\/wp-json\/wp\/v2\/comments?post=15179"}],"version-history":[{"count":0,"href":"https:\/\/annaflores.es\/ca\/wp-json\/wp\/v2\/pages\/15179\/revisions"}],"wp:attachment":[{"href":"https:\/\/annaflores.es\/ca\/wp-json\/wp\/v2\/media?parent=15179"}],"curies":[{"name":"wp","href":"https:\/\/api.w.org\/{rel}","templated":true}]}}