{"id":15377,"date":"2020-05-30T09:58:47","date_gmt":"2020-05-30T07:58:47","guid":{"rendered":"https:\/\/www.annaflores.es\/?page_id=15377"},"modified":"2026-04-26T12:42:21","modified_gmt":"2026-04-26T10:42:21","slug":"sessions-individuals-a-distancia","status":"publish","type":"page","link":"https:\/\/annaflores.es\/ca\/sesiones-individuales-a-distancia\/","title":{"rendered":"Sessions individuals a dist\u00e0ncia"},"content":{"rendered":"<p><div class=\"fusion-fullwidth fullwidth-box fusion-builder-row-1 fusion-flex-container nonhundred-percent-fullwidth non-hundred-percent-height-scrolling\" style=\"--awb-border-radius-top-left:0px;--awb-border-radius-top-right:0px;--awb-border-radius-bottom-right:0px;--awb-border-radius-bottom-left:0px;--awb-flex-wrap:wrap;\" ><div class=\"fusion-builder-row fusion-row fusion-flex-align-items-flex-start fusion-flex-content-wrap\" style=\"max-width:1424.8px;margin-left: calc(-4% \/ 2 );margin-right: calc(-4% \/ 2 );\"><div class=\"fusion-layout-column fusion_builder_column fusion-builder-column-0 fusion_builder_column_1_1 1_1 fusion-flex-column\" style=\"--awb-bg-size:cover;--awb-width-large:100%;--awb-margin-top-large:0px;--awb-spacing-right-large:1.92%;--awb-margin-bottom-large:20px;--awb-spacing-left-large:1.92%;--awb-width-medium:100%;--awb-spacing-right-medium:1.92%;--awb-spacing-left-medium:1.92%;--awb-width-small:100%;--awb-spacing-right-small:1.92%;--awb-spacing-left-small:1.92%;\"><div class=\"fusion-column-wrapper fusion-column-has-shadow fusion-flex-justify-content-flex-start fusion-content-layout-column\"><div class=\"fusion-title title fusion-title-1 fusion-title-text fusion-title-size-one\" style=\"--awb-margin-top-small:0px;--awb-margin-right-small:0px;--awb-margin-bottom-small:10px;--awb-margin-left-small:0px;\"><div class=\"title-sep-container title-sep-container-left fusion-no-large-visibility fusion-no-medium-visibility fusion-no-small-visibility\"><div class=\"title-sep sep-double sep-solid\" style=\"border-color:#e0dede;\"><\/div><\/div><span class=\"awb-title-spacer fusion-no-large-visibility fusion-no-medium-visibility fusion-no-small-visibility\"><\/span><h1 class=\"fusion-title-heading title-heading-left fusion-responsive-typography-calculated\" style=\"margin:0;--fontSize:36;line-height:1.4;\">Sessions individuals a dist\u00e0ncia<\/h1><span class=\"awb-title-spacer\"><\/span><div class=\"title-sep-container title-sep-container-right\"><div class=\"title-sep sep-double sep-solid\" style=\"border-color:#e0dede;\"><\/div><\/div><\/div><\/div><\/div><\/div><\/div><div class=\"fusion-fullwidth fullwidth-box fusion-builder-row-2 fusion-flex-container nonhundred-percent-fullwidth non-hundred-percent-height-scrolling\" style=\"--awb-border-radius-top-left:0px;--awb-border-radius-top-right:0px;--awb-border-radius-bottom-right:0px;--awb-border-radius-bottom-left:0px;--awb-margin-bottom:40px;--awb-flex-wrap:wrap;\" ><div class=\"fusion-builder-row fusion-row fusion-flex-align-items-stretch fusion-flex-content-wrap\" style=\"max-width:1424.8px;margin-left: calc(-4% \/ 2 );margin-right: calc(-4% \/ 2 );\"><div class=\"fusion-layout-column fusion_builder_column fusion-builder-column-1 fusion_builder_column_3_5 3_5 fusion-flex-column\" style=\"--awb-bg-size:cover;--awb-width-large:60%;--awb-margin-top-large:0px;--awb-spacing-right-large:3.2%;--awb-margin-bottom-large:20px;--awb-spacing-left-large:3.2%;--awb-width-medium:100%;--awb-order-medium:0;--awb-spacing-right-medium:1.92%;--awb-spacing-left-medium:1.92%;--awb-width-small:100%;--awb-order-small:0;--awb-spacing-right-small:1.92%;--awb-spacing-left-small:1.92%;\"><div class=\"fusion-column-wrapper fusion-column-has-shadow fusion-flex-justify-content-flex-start fusion-content-layout-column\"><div class=\"fusion-text fusion-text-1\" style=\"--awb-text-transform:none;\"><p align=\"justify\">Les <strong>sessions individuals <\/strong> de Coaching amb PNL <strong>a dist\u00e0ncia <\/strong>convenen qualsevol persona interessada a millorar algun aspecte de la seva vida que per qualsevol motiu no pugui o no vulgui despla\u00e7ar-se a les nostres instal\u00b7lacions.<\/p>\n<p align=\"justify\">El nostre model d&#039;acompanyament on line \u00e9s exactament igual al de les sessions presencials, ja que el <a href=\"https:\/\/annaflores.es\/ca\/curs-de-coach-certificat-a-pnl\/\" target=\"_blank\" rel=\"noopener noreferrer\">NLPCoaching \u00a9<\/a>, que \u00e9s la disciplina que fusiona Coaching i PNL, \u00e9s de molt f\u00e0cil aplicaci\u00f3 a trav\u00e9s de les plataformes de videoconfer\u00e8ncia.<\/p>\n<p align=\"justify\">Utilitzem les eines del <a href=\"https:\/\/annaflores.es\/ca\/coaching\/\" target=\"_blank\" rel=\"noopener\">Coaching<\/a>  perqu\u00e8 el client pugui analitzar a fons el que vol aconseguir i practiquem la t\u00e8cnica de <a href=\"https:\/\/annaflores.es\/ca\/pnl\/\" target=\"_blank\" rel=\"noopener noreferrer\">PNL<\/a> m\u00e9s apropiada per al cas i aix\u00ed poder eliminar qualsevol bloqueig emocional-conductual o creences limitants.<\/p>\n<p align=\"justify\">En el cas de considerar que seria convenient per al client rebre una inducci\u00f3 hipn\u00f2tica la vam gravar i li vam enviar per correu electr\u00f2nic o WhatsApp.<\/p>\n<\/div><div class=\"fusion-separator fusion-full-width-sep\" style=\"align-self: center;margin-left: auto;margin-right: auto;margin-top:10px;margin-bottom:10px;width:100%;\"><\/div><div class=\"fusion-builder-row fusion-builder-row-inner fusion-row fusion-flex-align-items-stretch fusion-flex-content-wrap\" style=\"--awb-flex-grow:0;--awb-flex-grow-medium:0;--awb-flex-grow-small:0;--awb-flex-shrink:0;--awb-flex-shrink-medium:0;--awb-flex-shrink-small:0;width:104% !important;max-width:104% !important;margin-left: calc(-4% \/ 2 );margin-right: calc(-4% \/ 2 );\"><div class=\"fusion-layout-column fusion_builder_column_inner fusion-builder-nested-column-0 fusion_builder_column_inner_1_6 1_6 fusion-flex-column\" style=\"--awb-bg-size:cover;--awb-width-large:16.666666666667%;--awb-margin-top-large:0px;--awb-spacing-right-large:11.52%;--awb-margin-bottom-large:20px;--awb-spacing-left-large:11.52%;--awb-width-medium:100%;--awb-order-medium:0;--awb-spacing-right-medium:1.92%;--awb-spacing-left-medium:1.92%;--awb-width-small:100%;--awb-order-small:0;--awb-spacing-right-small:1.92%;--awb-spacing-left-small:1.92%;\"><div class=\"fusion-column-wrapper fusion-column-has-shadow fusion-flex-justify-content-flex-end fusion-content-layout-row\"><a class=\"awb-lightbox awb-lightbox-1\" data-title=\"Sesiones individuales\" title=\"Sessions individuals\" href=\"https:\/\/youtu.be\/DC_CbQiCHF0\" data-caption=\"Sesiones individuales\" data-rel=\"iLightbox\"><img class=\"lazyload\" decoding=\"async\" src=\"data:image\/svg+xml,%3Csvg%20xmlns%3D%27http%3A%2F%2Fwww.w3.org%2F2000%2Fsvg%27%20width%3D%2728%27%20height%3D%2720%27%20viewBox%3D%270%200%2028%2020%27%3E%3Crect%20width%3D%2728%27%20height%3D%2720%27%20fill-opacity%3D%220%22%2F%3E%3C%2Fsvg%3E\" data-orig-src=\"https:\/\/annaflores.es\/wp-content\/uploads\/play-petit.png\"><\/a><\/div><\/div><div class=\"fusion-layout-column fusion_builder_column_inner fusion-builder-nested-column-1 fusion_builder_column_inner_2_3 2_3 fusion-flex-column\" style=\"--awb-bg-size:cover;--awb-width-large:66.666666666667%;--awb-margin-top-large:0px;--awb-spacing-right-large:2.88%;--awb-margin-bottom-large:20px;--awb-spacing-left-large:2.88%;--awb-width-medium:100%;--awb-order-medium:0;--awb-spacing-right-medium:1.92%;--awb-spacing-left-medium:1.92%;--awb-width-small:100%;--awb-order-small:0;--awb-spacing-right-small:1.92%;--awb-spacing-left-small:1.92%;\"><div class=\"fusion-column-wrapper fusion-column-has-shadow fusion-flex-justify-content-flex-start fusion-content-layout-row\"><div class=\"fusion-text fusion-text-2\" style=\"--awb-text-transform:none;\"><p>Mira el v\u00eddeo sobre les sessions individuals<\/p>\n<\/div><\/div><\/div><\/div><\/div><\/div><div class=\"fusion-layout-column fusion_builder_column fusion-builder-column-2 fusion_builder_column_2_5 2_5 fusion-flex-column\" style=\"--awb-bg-size:cover;--awb-width-large:40%;--awb-margin-top-large:0px;--awb-spacing-right-large:4.8%;--awb-margin-bottom-large:0px;--awb-spacing-left-large:0.48%;--awb-width-medium:100%;--awb-order-medium:0;--awb-spacing-right-medium:1.92%;--awb-spacing-left-medium:1.92%;--awb-width-small:100%;--awb-order-small:0;--awb-spacing-right-small:1.92%;--awb-spacing-left-small:1.92%;\"><div class=\"fusion-column-wrapper lazyload fusion-column-has-shadow fusion-flex-justify-content-flex-start fusion-content-layout-column fusion-empty-column-bg-image fusion-column-has-bg-image\" data-bg-url=\"https:\/\/annaflores.es\/wp-content\/uploads\/micro-1-1024x938.jpg\" data-bg=\"https:\/\/annaflores.es\/wp-content\/uploads\/micro-1-1024x938.jpg\"><img decoding=\"async\" class=\"fusion-empty-dims-img-placeholder fusion-no-large-visibility\" alt=\"sessions individuals on line\" aria-label=\"sessions individuals on line\" src=\"data:image\/svg+xml,%3Csvg%20xmlns%3D%27http%3A%2F%2Fwww.w3.org%2F2000%2Fsvg%27%20width%3D%271024%27%20height%3D%27938%27%20viewBox%3D%270%200%201024%20938%27%3E%3Crect%20width%3D%271024%27%20height%3D%27938%27%20fill-opacity%3D%220%22%2F%3E%3C%2Fsvg%3E\"><\/div><\/div><\/div><\/div><div class=\"fusion-fullwidth fullwidth-box fusion-builder-row-3 fusion-flex-container nonhundred-percent-fullwidth non-hundred-percent-height-scrolling\" style=\"--awb-border-radius-top-left:0px;--awb-border-radius-top-right:0px;--awb-border-radius-bottom-right:0px;--awb-border-radius-bottom-left:0px;--awb-flex-wrap:wrap;\" ><div class=\"fusion-builder-row fusion-row fusion-flex-align-items-flex-start fusion-flex-content-wrap\" style=\"max-width:1424.8px;margin-left: calc(-4% \/ 2 );margin-right: calc(-4% \/ 2 );\"><div class=\"fusion-layout-column fusion_builder_column fusion-builder-column-3 fusion_builder_column_1_3 1_3 fusion-flex-column\" style=\"--awb-bg-size:cover;--awb-width-large:33.333333333333%;--awb-margin-top-large:0px;--awb-spacing-right-large:5.76%;--awb-margin-bottom-large:20px;--awb-spacing-left-large:5.76%;--awb-width-medium:100%;--awb-spacing-right-medium:1.92%;--awb-spacing-left-medium:1.92%;--awb-width-small:100%;--awb-spacing-right-small:1.92%;--awb-spacing-left-small:1.92%;\"><div class=\"fusion-column-wrapper fusion-flex-justify-content-flex-start fusion-content-layout-column\"><div class=\"fusion-title title fusion-title-2 fusion-title-text fusion-title-size-two\" style=\"--awb-margin-top-small:0px;--awb-margin-right-small:0px;--awb-margin-bottom-small:10px;--awb-margin-left-small:0px;\"><div class=\"title-sep-container title-sep-container-left fusion-no-large-visibility fusion-no-medium-visibility fusion-no-small-visibility\"><div class=\"title-sep sep-double sep-solid\" style=\"border-color:#e0dede;\"><\/div><\/div><span class=\"awb-title-spacer fusion-no-large-visibility fusion-no-medium-visibility fusion-no-small-visibility\"><\/span><h2 class=\"fusion-title-heading title-heading-left fusion-responsive-typography-calculated\" style=\"margin:0;--fontSize:24;line-height:1.5;\">Per a qu\u00e8 serveixen les sessions a dist\u00e0ncia?<\/h2><span class=\"awb-title-spacer\"><\/span><div class=\"title-sep-container title-sep-container-right\"><div class=\"title-sep sep-double sep-solid\" style=\"border-color:#e0dede;\"><\/div><\/div><\/div><div class=\"fusion-text fusion-text-3\"><p align=\"justify\">Les sessions individuals a dist\u00e0ncia, a l'igual que les presencials, serveixen per aconseguir qualsevol objectiu relacionat amb estats emocionals, conductes, h\u00e0bits o inseguretats. Per exemple: desenvolupar habilitats socials, reduir l'estr\u00e8s, millorar les relacions, comunicar efica\u00e7ment, augmentar la concentraci\u00f3 en estudis o treball, superar traumes, guarir f\u00f2bies, manejar crisi puntuals (divorci, acomiadament, ex\u00e0mens, presentacions), millorar la gesti\u00f3 de el temps , incrementar la seguretat i autoconfian\u00e7a, augmentar l'autoestima, deixar de fumar, menjar saludablement ...<\/p>\n<\/div><\/div><\/div><div class=\"fusion-layout-column fusion_builder_column fusion-builder-column-4 fusion_builder_column_1_3 1_3 fusion-flex-column\" style=\"--awb-bg-size:cover;--awb-width-large:33.333333333333%;--awb-margin-top-large:0px;--awb-spacing-right-large:5.76%;--awb-margin-bottom-large:20px;--awb-spacing-left-large:5.76%;--awb-width-medium:100%;--awb-spacing-right-medium:1.92%;--awb-spacing-left-medium:1.92%;--awb-width-small:100%;--awb-spacing-right-small:1.92%;--awb-spacing-left-small:1.92%;\"><div class=\"fusion-column-wrapper fusion-flex-justify-content-flex-start fusion-content-layout-column\"><div class=\"fusion-title title fusion-title-3 fusion-title-text fusion-title-size-two\" style=\"--awb-margin-top-small:0px;--awb-margin-right-small:0px;--awb-margin-bottom-small:10px;--awb-margin-left-small:0px;\"><div class=\"title-sep-container title-sep-container-left fusion-no-large-visibility fusion-no-medium-visibility fusion-no-small-visibility\"><div class=\"title-sep sep-double sep-solid\" style=\"border-color:#e0dede;\"><\/div><\/div><span class=\"awb-title-spacer fusion-no-large-visibility fusion-no-medium-visibility fusion-no-small-visibility\"><\/span><h2 class=\"fusion-title-heading title-heading-left fusion-responsive-typography-calculated\" style=\"margin:0;--fontSize:24;line-height:1.5;\">Quantes sessions es necessiten?<\/h2><span class=\"awb-title-spacer\"><\/span><div class=\"title-sep-container title-sep-container-right\"><div class=\"title-sep sep-double sep-solid\" style=\"border-color:#e0dede;\"><\/div><\/div><\/div><div class=\"fusion-text fusion-text-4\"><p align=\"justify\">\u00c9s dif\u00edcil saber per endavant quantes sessions individuals a dist\u00e0ncia necessitar\u00e0 una persona per a aconseguir el seu objectiu espec\u00edfic. Per\u00f2 gr\u00e0cies a que les nostres sessions tenen una hora i mitja de durada,\u00a0 hi ha una gran inversi\u00f3 de temps i ens satisf\u00e0 publicar les estad\u00edstiques de l'Anna Flores, els resultats de les quals mostren que\u00a0 el <strong>84% dels clients<\/strong> aconsegueixen la meta en <strong>menys de quatre sessions<\/strong>.<\/p>\n<p align=\"justify\">Volem remarcar que despr\u00e9s de comprovar l'impacte positiu de la primera sessi\u00f3 ens resulta m\u00e9s f\u00e0cil fer un pron\u00f2stic del nombre de sessions totals.<\/p>\n<\/div><\/div><\/div><div class=\"fusion-layout-column fusion_builder_column fusion-builder-column-5 fusion_builder_column_1_3 1_3 fusion-flex-column\" style=\"--awb-bg-size:cover;--awb-width-large:33.333333333333%;--awb-margin-top-large:0px;--awb-spacing-right-large:5.76%;--awb-margin-bottom-large:20px;--awb-spacing-left-large:5.76%;--awb-width-medium:100%;--awb-spacing-right-medium:1.92%;--awb-spacing-left-medium:1.92%;--awb-width-small:100%;--awb-spacing-right-small:1.92%;--awb-spacing-left-small:1.92%;\"><div class=\"fusion-column-wrapper fusion-flex-justify-content-flex-start fusion-content-layout-column\"><div class=\"fusion-title title fusion-title-4 fusion-title-text fusion-title-size-two\" style=\"--awb-margin-top-small:0px;--awb-margin-right-small:0px;--awb-margin-bottom-small:10px;--awb-margin-left-small:0px;\"><div class=\"title-sep-container title-sep-container-left fusion-no-large-visibility fusion-no-medium-visibility fusion-no-small-visibility\"><div class=\"title-sep sep-double sep-solid\" style=\"border-color:#e0dede;\"><\/div><\/div><span class=\"awb-title-spacer fusion-no-large-visibility fusion-no-medium-visibility fusion-no-small-visibility\"><\/span><h2 class=\"fusion-title-heading title-heading-left fusion-responsive-typography-calculated\" style=\"margin:0;--fontSize:24;line-height:1.5;\">Com sol\u00b7licitar les sessions?<\/h2><span class=\"awb-title-spacer\"><\/span><div class=\"title-sep-container title-sep-container-right\"><div class=\"title-sep sep-double sep-solid\" style=\"border-color:#e0dede;\"><\/div><\/div><\/div><div class=\"fusion-text fusion-text-5\"><p align=\"justify\">Pots contactar des del bot\u00f3 que trobes a la fi del par\u00e0graf i explica'ns breument quina \u00e9s la q\u00fcesti\u00f3 a treballar. Et contestarem a la major brevetat, amb un l\u00edmit de 48 hores, informant-te de les tarifes de les sessions individuals a dist\u00e0ncia i de les plataformes per connectar-: Teams, Skype o Whatsapp.<\/p>\n<p align=\"justify\">Quan decideixis seguir endavant,\u00a0 et demanarem que\u00a0 ens confirmis la teva disponibilitat hor\u00e0ria i , d'aquesta manera, podrem oferir-te\u00a0 almenys dues dates possibles\u00a0 perqu\u00e8 tri\u00efs la que et resulti m\u00e9s convenient. Cal tenir en compte que atenem\u00a0 de dilluns a divendres.<\/p>\n<\/div><\/div><\/div><div class=\"fusion-layout-column fusion_builder_column fusion-builder-column-6 fusion_builder_column_1_1 1_1 fusion-flex-column\" style=\"--awb-bg-size:cover;--awb-width-large:100%;--awb-margin-top-large:0px;--awb-spacing-right-large:1.92%;--awb-margin-bottom-large:20px;--awb-spacing-left-large:1.92%;--awb-width-medium:100%;--awb-spacing-right-medium:1.92%;--awb-spacing-left-medium:1.92%;--awb-width-small:100%;--awb-spacing-right-small:1.92%;--awb-spacing-left-small:1.92%;\"><div class=\"fusion-column-wrapper fusion-flex-justify-content-flex-start fusion-content-layout-column\"><div style=\"text-align:center;\"><a class=\"fusion-button button-flat button-xlarge button-custom fusion-button-default button-1 fusion-button-span-yes fusion-button-default-type fusion-has-button-gradient\" style=\"--button_accent_color:#ffffff;--button_accent_hover_color:#ffffff;--button_border_hover_color:#ffffff;--button_gradient_top_color:#345dab;--button_gradient_bottom_color:rgba(52,93,171,0.82);--button_gradient_top_color_hover:#515471;--button_gradient_bottom_color_hover:#515471;\" target=\"_self\" href=\"https:\/\/annaflores.es\/ca\/contactar-coaching-anna-flores\/\"><span class=\"fusion-button-text awb-button__text awb-button__text--default\">contacta'ns per a la teva sessi\u00f3 en l\u00ednia<\/span><\/a><\/div><\/div><\/div><\/div><\/div><\/p>","protected":false},"excerpt":{"rendered":"","protected":false},"author":2,"featured_media":0,"parent":0,"menu_order":0,"comment_status":"closed","ping_status":"closed","template":"","meta":{"_acf_changed":false,"footnotes":""},"class_list":["post-15377","page","type-page","status-publish","hentry"],"acf":[],"yoast_head":"<!-- This site is optimized with the Yoast SEO Premium plugin v23.9 (Yoast SEO v27.4) - https:\/\/yoast.com\/product\/yoast-seo-premium-wordpress\/ -->\n<title>Sesiones individuales a distancia - Instituto Anna Flores<\/title>\n<meta name=\"description\" content=\"Las sesiones individuales a distancia de coaching con PNL se basan en la aplicaci\u00f3n de un modelo muy efectivo que fusiona Coaching PNL e hipnosis\" \/>\n<meta name=\"robots\" content=\"index, follow, max-snippet:-1, max-image-preview:large, max-video-preview:-1\" \/>\n<link rel=\"canonical\" href=\"https:\/\/www.annaflores.es\/sesiones-individuales-a-distancia\/\" \/>\n<meta property=\"og:locale\" content=\"ca_ES\" \/>\n<meta property=\"og:type\" content=\"article\" \/>\n<meta property=\"og:title\" content=\"Sesiones individuales a distancia\" \/>\n<meta property=\"og:description\" content=\"Las sesiones individuales a distancia de coaching con PNL se basan en la aplicaci\u00f3n de un modelo muy efectivo que fusiona Coaching PNL e hipnosis\" \/>\n<meta property=\"og:url\" content=\"https:\/\/www.annaflores.es\/sesiones-individuales-a-distancia\/\" \/>\n<meta property=\"og:site_name\" content=\"Anna Flores\" \/>\n<meta property=\"article:publisher\" content=\"https:\/\/www.facebook.com\/InstitutCoachingPNLAnnaFlores\/\" \/>\n<meta property=\"article:modified_time\" content=\"2026-04-26T10:42:21+00:00\" \/>\n<meta property=\"og:image\" content=\"https:\/\/annaflores.es\/wp-content\/uploads\/AF3.jpg\" \/>\n\t<meta property=\"og:image:width\" content=\"1748\" \/>\n\t<meta property=\"og:image:height\" content=\"1867\" \/>\n\t<meta property=\"og:image:type\" content=\"image\/jpeg\" \/>\n<meta name=\"twitter:card\" content=\"summary_large_image\" \/>\n<meta name=\"twitter:label1\" content=\"Temps estimat de lectura\" \/>\n\t<meta name=\"twitter:data1\" content=\"3 minuts\" \/>\n<!-- \/ Yoast SEO Premium plugin. -->","yoast_head_json":{"title":"Sessions individuals a dist\u00e0ncia - Institut Anna Flores","description":"Les sessions individuals a dist\u00e0ncia de coaching amb PNL es basen en l&#039;aplicaci\u00f3 d&#039;un model molt efectiu que fusiona Coaching PNL i hipnosi","robots":{"index":"index","follow":"follow","max-snippet":"max-snippet:-1","max-image-preview":"max-image-preview:large","max-video-preview":"max-video-preview:-1"},"canonical":"https:\/\/www.annaflores.es\/sesiones-individuales-a-distancia\/","og_locale":"ca_ES","og_type":"article","og_title":"Sesiones individuales a distancia","og_description":"Las sesiones individuales a distancia de coaching con PNL se basan en la aplicaci\u00f3n de un modelo muy efectivo que fusiona Coaching PNL e hipnosis","og_url":"https:\/\/www.annaflores.es\/sesiones-individuales-a-distancia\/","og_site_name":"Anna Flores","article_publisher":"https:\/\/www.facebook.com\/InstitutCoachingPNLAnnaFlores\/","article_modified_time":"2026-04-26T10:42:21+00:00","og_image":[{"width":1748,"height":1867,"url":"https:\/\/annaflores.es\/wp-content\/uploads\/AF3.jpg","type":"image\/jpeg"}],"twitter_card":"summary_large_image","twitter_misc":{"Temps estimat de lectura":"3 minuts"},"schema":{"@context":"https:\/\/schema.org","@graph":[{"@type":"WebPage","@id":"https:\/\/www.annaflores.es\/sesiones-individuales-a-distancia\/","url":"https:\/\/www.annaflores.es\/sesiones-individuales-a-distancia\/","name":"Sessions individuals a dist\u00e0ncia - Institut Anna Flores","isPartOf":{"@id":"https:\/\/annaflores.es\/ca\/#website"},"datePublished":"2020-05-30T07:58:47+00:00","dateModified":"2026-04-26T10:42:21+00:00","description":"Les sessions individuals a dist\u00e0ncia de coaching amb PNL es basen en l&#039;aplicaci\u00f3 d&#039;un model molt efectiu que fusiona Coaching PNL i hipnosi","breadcrumb":{"@id":"https:\/\/www.annaflores.es\/sesiones-individuales-a-distancia\/#breadcrumb"},"inLanguage":"ca","potentialAction":[{"@type":"ReadAction","target":["https:\/\/www.annaflores.es\/sesiones-individuales-a-distancia\/"]}]},{"@type":"BreadcrumbList","@id":"https:\/\/www.annaflores.es\/sesiones-individuales-a-distancia\/#breadcrumb","itemListElement":[{"@type":"ListItem","position":1,"name":"Inicio","item":"https:\/\/www.annaflores.es\/ca\/"},{"@type":"ListItem","position":2,"name":"Sesiones individuales a distancia"}]},{"@type":"WebSite","@id":"https:\/\/annaflores.es\/ca\/#website","url":"https:\/\/annaflores.es\/ca\/","name":"Anna Flores","description":"Cursos de Coaching i PNL a Barcelona","publisher":{"@id":"https:\/\/annaflores.es\/ca\/#organization"},"alternateName":"Institut Anna Flores","potentialAction":[{"@type":"SearchAction","target":{"@type":"EntryPoint","urlTemplate":"https:\/\/annaflores.es\/ca\/?s={search_term_string}"},"query-input":{"@type":"PropertyValueSpecification","valueRequired":true,"valueName":"search_term_string"}}],"inLanguage":"ca"},{"@type":"Organization","@id":"https:\/\/annaflores.es\/ca\/#organization","name":"Institut Anna Flors","alternateName":"Anna Flores","url":"https:\/\/annaflores.es\/ca\/","logo":{"@type":"ImageObject","inLanguage":"ca","@id":"https:\/\/annaflores.es\/ca\/#\/schema\/logo\/image\/","url":"https:\/\/annaflores.es\/wp-content\/uploads\/IAFCAT-BLAU-MES-INTENS_traspa-e1610467605488.png","contentUrl":"https:\/\/annaflores.es\/wp-content\/uploads\/IAFCAT-BLAU-MES-INTENS_traspa-e1610467605488.png","width":200,"height":51,"caption":"Instituto Anna Flores"},"image":{"@id":"https:\/\/annaflores.es\/ca\/#\/schema\/logo\/image\/"},"sameAs":["https:\/\/www.facebook.com\/InstitutCoachingPNLAnnaFlores\/","https:\/\/www.instagram.com\/annafloresinstitut\/","https:\/\/www.linkedin.com\/in\/annaflorescoaching\/","https:\/\/www.youtube.com\/c\/InstitutodePNLyCoachingAnnaFlores"]}]}},"_links":{"self":[{"href":"https:\/\/annaflores.es\/ca\/wp-json\/wp\/v2\/pages\/15377","targetHints":{"allow":["GET"]}}],"collection":[{"href":"https:\/\/annaflores.es\/ca\/wp-json\/wp\/v2\/pages"}],"about":[{"href":"https:\/\/annaflores.es\/ca\/wp-json\/wp\/v2\/types\/page"}],"author":[{"embeddable":true,"href":"https:\/\/annaflores.es\/ca\/wp-json\/wp\/v2\/users\/2"}],"replies":[{"embeddable":true,"href":"https:\/\/annaflores.es\/ca\/wp-json\/wp\/v2\/comments?post=15377"}],"version-history":[{"count":1,"href":"https:\/\/annaflores.es\/ca\/wp-json\/wp\/v2\/pages\/15377\/revisions"}],"predecessor-version":[{"id":24458,"href":"https:\/\/annaflores.es\/ca\/wp-json\/wp\/v2\/pages\/15377\/revisions\/24458"}],"wp:attachment":[{"href":"https:\/\/annaflores.es\/ca\/wp-json\/wp\/v2\/media?parent=15377"}],"curies":[{"name":"wp","href":"https:\/\/api.w.org\/{rel}","templated":true}]}}