{"id":16990,"date":"2021-07-27T17:20:27","date_gmt":"2021-07-27T15:20:27","guid":{"rendered":"https:\/\/www.annaflores.es\/?page_id=16990"},"modified":"2026-04-26T12:40:04","modified_gmt":"2026-04-26T10:40:04","slug":"isabel-perez","status":"publish","type":"page","link":"https:\/\/annaflores.es\/ca\/isabel-perez\/","title":{"rendered":"Isabel P\u00e9rez"},"content":{"rendered":"<p><div class=\"fusion-fullwidth fullwidth-box fusion-builder-row-1 fusion-flex-container has-pattern-background has-mask-background nonhundred-percent-fullwidth non-hundred-percent-height-scrolling\" style=\"--awb-border-radius-top-left:0px;--awb-border-radius-top-right:0px;--awb-border-radius-bottom-right:0px;--awb-border-radius-bottom-left:0px;--awb-flex-wrap:wrap;\" ><div class=\"fusion-builder-row fusion-row fusion-flex-align-items-flex-start fusion-flex-content-wrap\" style=\"max-width:1424.8px;margin-left: calc(-4% \/ 2 );margin-right: calc(-4% \/ 2 );\"><div class=\"fusion-layout-column fusion_builder_column fusion-builder-column-0 fusion_builder_column_1_1 1_1 fusion-flex-column\" style=\"--awb-bg-size:cover;--awb-width-large:100%;--awb-margin-top-large:0px;--awb-spacing-right-large:1.92%;--awb-margin-bottom-large:20px;--awb-spacing-left-large:1.92%;--awb-width-medium:100%;--awb-order-medium:0;--awb-spacing-right-medium:1.92%;--awb-spacing-left-medium:1.92%;--awb-width-small:100%;--awb-order-small:0;--awb-spacing-right-small:1.92%;--awb-spacing-left-small:1.92%;\"><div class=\"fusion-column-wrapper fusion-column-has-shadow fusion-flex-justify-content-flex-start fusion-content-layout-column\"><div class=\"fusion-title title fusion-title-1 fusion-sep-none fusion-title-center fusion-title-text fusion-title-size-one\" style=\"--awb-margin-top-small:0px;--awb-margin-right-small:0px;--awb-margin-bottom-small:10px;--awb-margin-left-small:0px;\"><h1 class=\"fusion-title-heading title-heading-center fusion-responsive-typography-calculated\" style=\"margin:0;--fontSize:36;line-height:1.4;\">Isabel P\u00e9rez<\/h1><\/div>\n<\/div><\/div><\/div><\/div><div class=\"fusion-fullwidth fullwidth-box fusion-builder-row-2 fusion-flex-container has-pattern-background has-mask-background hundred-percent-fullwidth non-hundred-percent-height-scrolling\" style=\"--awb-border-radius-top-left:0px;--awb-border-radius-top-right:0px;--awb-border-radius-bottom-right:0px;--awb-border-radius-bottom-left:0px;--awb-overflow:visible;--awb-flex-wrap:wrap;\" ><div class=\"fusion-builder-row fusion-row fusion-flex-align-items-stretch fusion-flex-content-wrap\" style=\"width:104% !important;max-width:104% !important;margin-left: calc(-4% \/ 2 );margin-right: calc(-4% \/ 2 );\"><div class=\"fusion-layout-column fusion_builder_column fusion-builder-column-1 fusion_builder_column_1_2 1_2 fusion-flex-column\" style=\"--awb-bg-blend:overlay;--awb-bg-size:cover;--awb-width-large:50%;--awb-margin-top-large:0px;--awb-spacing-right-large:3.84%;--awb-margin-bottom-large:20px;--awb-spacing-left-large:3.84%;--awb-width-medium:100%;--awb-order-medium:0;--awb-spacing-right-medium:1.92%;--awb-spacing-left-medium:1.92%;--awb-width-small:100%;--awb-order-small:0;--awb-spacing-right-small:1.92%;--awb-spacing-left-small:1.92%;\" data-scroll-devices=\"small-visibility,medium-visibility,large-visibility\"><div class=\"fusion-column-wrapper lazyload fusion-column-has-shadow fusion-flex-justify-content-flex-start fusion-content-layout-column fusion-empty-column-bg-image fusion-column-has-bg-image\" data-bg-url=\"https:\/\/annaflores.es\/wp-content\/uploads\/Isabel-Perez-3-e1690274375563.jpg\" data-bg=\"https:\/\/annaflores.es\/wp-content\/uploads\/Isabel-Perez-3-e1690274375563.jpg\"><img decoding=\"async\" class=\"fusion-empty-dims-img-placeholder fusion-no-large-visibility\" aria-label=\"Isabel Perez 3\" src=\"data:image\/svg+xml,%3Csvg%20xmlns%3D%27http%3A%2F%2Fwww.w3.org%2F2000%2Fsvg%27%20width%3D%27500%27%20height%3D%27513%27%20viewBox%3D%270%200%20500%20513%27%3E%3Crect%20width%3D%27500%27%20height%3D%27513%27%20fill-opacity%3D%220%22%2F%3E%3C%2Fsvg%3E\"><\/div><\/div><div class=\"fusion-layout-column fusion_builder_column fusion-builder-column-2 fusion_builder_column_1_2 1_2 fusion-flex-column\" style=\"--awb-bg-blend:overlay;--awb-bg-size:cover;--awb-width-large:50%;--awb-margin-top-large:0px;--awb-spacing-right-large:3.84%;--awb-margin-bottom-large:20px;--awb-spacing-left-large:3.84%;--awb-width-medium:100%;--awb-spacing-right-medium:1.92%;--awb-spacing-left-medium:1.92%;--awb-width-small:100%;--awb-spacing-right-small:1.92%;--awb-spacing-left-small:1.92%;\"><div class=\"fusion-column-wrapper fusion-flex-justify-content-flex-start fusion-content-layout-column\"><div class=\"fusion-title title fusion-title-2 fusion-title-text fusion-title-size-two\" style=\"--awb-margin-top-small:0px;--awb-margin-right-small:0px;--awb-margin-bottom-small:10px;--awb-margin-left-small:0px;\"><div class=\"title-sep-container title-sep-container-left fusion-no-large-visibility fusion-no-medium-visibility fusion-no-small-visibility\"><div class=\"title-sep sep-double sep-solid\" style=\"border-color:#e0dede;\"><\/div><\/div><span class=\"awb-title-spacer fusion-no-large-visibility fusion-no-medium-visibility fusion-no-small-visibility\"><\/span><h2 class=\"fusion-title-heading title-heading-left fusion-responsive-typography-calculated\" style=\"margin:0;--fontSize:24;line-height:1.5;\">Qui s\u00f3c?<\/h2><span class=\"awb-title-spacer\"><\/span><div class=\"title-sep-container title-sep-container-right\"><div class=\"title-sep sep-double sep-solid\" style=\"border-color:#e0dede;\"><\/div><\/div><\/div><div class=\"fusion-text fusion-text-1\"><p style=\"text-align: justify;\">Em dic Isabel P\u00e9rez. Estic formada en M\u00e0rqueting i la meva traject\u00f2ria professional durant 25 anys ha estat vinculada a la gesti\u00f3 i direcci\u00f3 d'equips en diferents empreses de el sector de la moda.<\/p>\n<p style=\"text-align: justify;\">Sempre m&#039;he sentit atreta per potenciar les capacitats de cada integrant dels equips que he dirigit. Per aix\u00f2, fa anys vaig comen\u00e7ar a estudiar  <a href=\"https:\/\/annaflores.es\/ca\/terapia-amb-pnl\/\" target=\"_blank\" rel=\"noopener\">PNL<\/a>, PSYCH-K\u00ae i <a href=\"https:\/\/annaflores.es\/ca\/coaching\/\" target=\"_blank\" rel=\"noopener noreferrer\">Coaching<\/a>. Va ser quan vaig descobrir que, sense ser-ne conscient, he estat practicant Coaching gran part de la meva vida i vaig comen\u00e7ar a observar la vida des d'un altre enfocament, a descobrir altres valors.<\/p>\n<p style=\"text-align: justify;\">Aleshores va passar un fet que em va transformar com a persona perqu\u00e8 en un marge de pocs dies vaig perdre dos puntals que donaven sentit a la meva vida. Aquesta dolorosa experi\u00e8ncia, especialment la m\u00e9s important i irrecuperable, em va obrir els ulls respecte al que realment volia viure i va despertar la meva consci\u00e8ncia. Vaig descobrir que volia estar al costat de les persones que volen millorar la seva vida, aix\u00ed que em vaig especialitzar en Coaching de dol i des de llavors em dedico professionalment a acompanyar persones en els seus processos de dol despr\u00e9s de la p\u00e8rdua d&#039;un \u00e9sser estimat.<\/p>\n<p style=\"text-align: justify;\">Sovint, la rutina ens impedeix adonar-nos que no estem vivint la vida que volem o no estem responent de manera saludable al patiment: algunes, com jo, necessitem passar per una experi\u00e8ncia emocional dolorosa i d&#039;altres necessiten alg\u00fa que els gui\u00ef en aquesta transformaci\u00f3.<\/p>\n<\/div><\/div><\/div><div class=\"fusion-layout-column fusion_builder_column fusion-builder-column-3 fusion_builder_column_1_2 1_2 fusion-flex-column\" style=\"--awb-bg-blend:overlay;--awb-bg-size:cover;--awb-width-large:50%;--awb-margin-top-large:0px;--awb-spacing-right-large:3.84%;--awb-margin-bottom-large:20px;--awb-spacing-left-large:3.84%;--awb-width-medium:100%;--awb-spacing-right-medium:1.92%;--awb-spacing-left-medium:1.92%;--awb-width-small:100%;--awb-spacing-right-small:1.92%;--awb-spacing-left-small:1.92%;\"><div class=\"fusion-column-wrapper fusion-flex-justify-content-flex-start fusion-content-layout-column\"><div class=\"fusion-title title fusion-title-3 fusion-title-text fusion-title-size-two\" style=\"--awb-margin-top-small:0px;--awb-margin-right-small:0px;--awb-margin-bottom-small:10px;--awb-margin-left-small:0px;\"><div class=\"title-sep-container title-sep-container-left fusion-no-large-visibility fusion-no-medium-visibility fusion-no-small-visibility\"><div class=\"title-sep sep-double sep-solid\" style=\"border-color:#e0dede;\"><\/div><\/div><span class=\"awb-title-spacer fusion-no-large-visibility fusion-no-medium-visibility fusion-no-small-visibility\"><\/span><h2 class=\"fusion-title-heading title-heading-left fusion-responsive-typography-calculated\" style=\"margin:0;--fontSize:24;line-height:1.5;\">Les meves credencials<\/h2><span class=\"awb-title-spacer\"><\/span><div class=\"title-sep-container title-sep-container-right\"><div class=\"title-sep sep-double sep-solid\" style=\"border-color:#e0dede;\"><\/div><\/div><\/div><div class=\"fusion-text fusion-text-2\"><p style=\"text-align: justify;\">Estic acreditada a Coaching Ontol\u00f2gic per la ICF i com <a href=\"https:\/\/annaflores.es\/ca\/curs-de-coach-certificat-a-pnl\/\" target=\"_blank\" rel=\"noopener noreferrer\">Coach Experta en PNL<\/a> per The Society of NLP. He cursat un M\u00e0ster de PNL a l&#039;Institut Anna Flores i un altre a l&#039;Institut Gestalt certificat per l&#039;Associaci\u00f3 Espanyola de Programaci\u00f3 Neuro Ling\u00fc\u00edstica.<br \/>\nS\u00f3c Facilitadora de PSYCH-K\u00ae per Eva Sandoval a Barcelona i PSYCH-K\u00ae Benestar i Salut per Duccio Locati, a m\u00e9s d&#039;estar acreditada per Sedibac com a Terapeuta Floral Professional del Dr. Bach. Tamb\u00e9 estic acreditada per l&#039;AITRI com a Terapeuta Certificada a TRI\u00ae<\/p>\n<p style=\"text-align: justify;\">M'he especialitzat en el proc\u00e9s de p\u00e8rdua seguint diversos programes: \u00abEl Proc\u00e9s de Dol\u00bb Des d'una perspectiva integrativa a Aus, Postgrau en processos de p\u00e8rdues i final de vida a l'Institut d'Ecologia Emocional i Postgrau en Ecologia Emocional tamb\u00e9 a l'Institut d'Ecologia Emocional.<\/p>\n<\/div><\/div><\/div><div class=\"fusion-layout-column fusion_builder_column fusion-builder-column-4 fusion_builder_column_1_2 1_2 fusion-flex-column\" style=\"--awb-bg-blend:overlay;--awb-bg-size:cover;--awb-width-large:50%;--awb-margin-top-large:0px;--awb-spacing-right-large:3.84%;--awb-margin-bottom-large:20px;--awb-spacing-left-large:3.84%;--awb-width-medium:100%;--awb-spacing-right-medium:1.92%;--awb-spacing-left-medium:1.92%;--awb-width-small:100%;--awb-spacing-right-small:1.92%;--awb-spacing-left-small:1.92%;\"><div class=\"fusion-column-wrapper fusion-flex-justify-content-flex-start fusion-content-layout-column\"><div class=\"fusion-title title fusion-title-4 fusion-title-text fusion-title-size-two\" style=\"--awb-margin-top-small:0px;--awb-margin-right-small:0px;--awb-margin-bottom-small:10px;--awb-margin-left-small:0px;\"><div class=\"title-sep-container title-sep-container-left fusion-no-large-visibility fusion-no-medium-visibility fusion-no-small-visibility\"><div class=\"title-sep sep-double sep-solid\" style=\"border-color:#e0dede;\"><\/div><\/div><span class=\"awb-title-spacer fusion-no-large-visibility fusion-no-medium-visibility fusion-no-small-visibility\"><\/span><h2 class=\"fusion-title-heading title-heading-left fusion-responsive-typography-calculated\" style=\"margin:0;--fontSize:24;line-height:1.5;\">El meu comprom\u00eds<\/h2><span class=\"awb-title-spacer\"><\/span><div class=\"title-sep-container title-sep-container-right\"><div class=\"title-sep sep-double sep-solid\" style=\"border-color:#e0dede;\"><\/div><\/div><\/div><div class=\"fusion-text fusion-text-3\"><p style=\"text-align: justify;\">Seguint la filosofia oriental, que estudia el cos i la ment com un sistema multidimensional en qu\u00e8 diversos aspectes conflueixen i es relacionen m\u00fatuament, el meu m\u00e8tode d'acompanyament consisteix a tractar totes aquestes dimensions de manera conjunta. Per a aix\u00f2 utilitzo totes les eines disponibles de Coaching, PNL i PSYCH-K<strong>\u00a0<\/strong>en el seu vessant Hol\u00edstica, Corporal i Transpersonal.<\/p>\n<p style=\"text-align: justify;\">D'aquesta manera, puc tractar cada cas en la seva dimensi\u00f3 f\u00edsica, psico-emocional i espiritual amb el comprom\u00eds d'adaptar-les per al benestar de cada persona en funci\u00f3 de la seva situaci\u00f3 espec\u00edfica i m'oriento a transmetre als meus clients\/es la idea de Havelock Ellis:<\/p>\n<p style=\"text-align: justify;\">\u00abL&#039;art de viure implica saber quan aferrar i quan deixar anar\u00bb<\/p>\n<\/div><\/div><\/div><div class=\"fusion-layout-column fusion_builder_column fusion-builder-column-5 fusion_builder_column_1_1 1_1 fusion-flex-column fusion-flex-align-self-flex-start fusion-column-no-min-height\" style=\"--awb-bg-size:cover;--awb-width-large:100%;--awb-margin-top-large:0px;--awb-spacing-right-large:1.92%;--awb-margin-bottom-large:0px;--awb-spacing-left-large:1.92%;--awb-width-medium:100%;--awb-spacing-right-medium:1.92%;--awb-spacing-left-medium:1.92%;--awb-width-small:100%;--awb-spacing-right-small:1.92%;--awb-spacing-left-small:1.92%;\"><div class=\"fusion-column-wrapper fusion-flex-justify-content-flex-start fusion-content-layout-column\"><div class=\"fusion-separator fusion-full-width-sep\" style=\"align-self: center;margin-left: auto;margin-right: auto;margin-top:30px;margin-bottom:30px;width:100%;\"><\/div><\/div><\/div><div class=\"fusion-layout-column fusion_builder_column fusion-builder-column-6 fusion_builder_column_1_1 1_1 fusion-flex-column fusion-flex-align-self-flex-start fusion-column-no-min-height\" style=\"--awb-bg-size:cover;--awb-width-large:100%;--awb-margin-top-large:0px;--awb-spacing-right-large:1.92%;--awb-margin-bottom-large:0px;--awb-spacing-left-large:1.92%;--awb-width-medium:100%;--awb-spacing-right-medium:1.92%;--awb-spacing-left-medium:1.92%;--awb-width-small:100%;--awb-spacing-right-small:1.92%;--awb-spacing-left-small:1.92%;\"><div class=\"fusion-column-wrapper fusion-flex-justify-content-flex-start fusion-content-layout-column\"><\/div><\/div><\/div><\/div><\/p>","protected":false},"excerpt":{"rendered":"","protected":false},"author":2,"featured_media":0,"parent":0,"menu_order":0,"comment_status":"closed","ping_status":"closed","template":"","meta":{"_acf_changed":false,"footnotes":""},"class_list":["post-16990","page","type-page","status-publish","hentry"],"acf":[],"yoast_head":"<!-- This site is optimized with the Yoast SEO Premium plugin v23.9 (Yoast SEO v27.4) - https:\/\/yoast.com\/product\/yoast-seo-premium-wordpress\/ -->\n<title>Sobre Isabel P\u00e9rez: especializada en el proceso del Duelo<\/title>\n<meta name=\"description\" content=\"Soy Isabel P\u00e9rez, estoy acreditada en Coaching Ontol\u00f3gico por la ICF y como Coach Experta en PNL por The Society of NLP\" \/>\n<meta name=\"robots\" content=\"index, follow, max-snippet:-1, max-image-preview:large, max-video-preview:-1\" \/>\n<link rel=\"canonical\" href=\"https:\/\/annaflores.es\/ca\/isabel-perez\/\" \/>\n<meta property=\"og:locale\" content=\"ca_ES\" \/>\n<meta property=\"og:type\" content=\"article\" \/>\n<meta property=\"og:title\" content=\"Isabel P\u00e9rez\" \/>\n<meta property=\"og:description\" content=\"Soy Isabel P\u00e9rez, estoy acreditada en Coaching Ontol\u00f3gico por la ICF y como Coach Experta en PNL por The Society of NLP\" \/>\n<meta property=\"og:url\" content=\"https:\/\/annaflores.es\/ca\/isabel-perez\/\" \/>\n<meta property=\"og:site_name\" content=\"Anna Flores\" \/>\n<meta property=\"article:publisher\" content=\"https:\/\/www.facebook.com\/InstitutCoachingPNLAnnaFlores\/\" \/>\n<meta property=\"article:modified_time\" content=\"2026-04-26T10:40:04+00:00\" \/>\n<meta property=\"og:image\" content=\"https:\/\/annaflores.es\/wp-content\/uploads\/AF3.jpg\" \/>\n\t<meta property=\"og:image:width\" content=\"1748\" \/>\n\t<meta property=\"og:image:height\" content=\"1867\" \/>\n\t<meta property=\"og:image:type\" content=\"image\/jpeg\" \/>\n<meta name=\"twitter:card\" content=\"summary_large_image\" \/>\n<meta name=\"twitter:label1\" content=\"Temps estimat de lectura\" \/>\n\t<meta name=\"twitter:data1\" content=\"3 minuts\" \/>\n<!-- \/ Yoast SEO Premium plugin. -->","yoast_head_json":{"title":"Sobre Isabel P\u00e9rez: especialitzada en el proc\u00e9s de l&#039;Duel","description":"S\u00f3c Isabel P\u00e9rez, estic acreditada en Coaching Ontol\u00f2gic per la ICF i com Coach Experta en PNL per The Society of NLP","robots":{"index":"index","follow":"follow","max-snippet":"max-snippet:-1","max-image-preview":"max-image-preview:large","max-video-preview":"max-video-preview:-1"},"canonical":"https:\/\/annaflores.es\/ca\/isabel-perez\/","og_locale":"ca_ES","og_type":"article","og_title":"Isabel P\u00e9rez","og_description":"Soy Isabel P\u00e9rez, estoy acreditada en Coaching Ontol\u00f3gico por la ICF y como Coach Experta en PNL por The Society of NLP","og_url":"https:\/\/annaflores.es\/ca\/isabel-perez\/","og_site_name":"Anna Flores","article_publisher":"https:\/\/www.facebook.com\/InstitutCoachingPNLAnnaFlores\/","article_modified_time":"2026-04-26T10:40:04+00:00","og_image":[{"width":1748,"height":1867,"url":"https:\/\/annaflores.es\/wp-content\/uploads\/AF3.jpg","type":"image\/jpeg"}],"twitter_card":"summary_large_image","twitter_misc":{"Temps estimat de lectura":"3 minuts"},"schema":{"@context":"https:\/\/schema.org","@graph":[{"@type":["WebPage","AboutPage"],"@id":"https:\/\/annaflores.es\/isabel-perez\/","url":"https:\/\/annaflores.es\/isabel-perez\/","name":"Sobre Isabel P\u00e9rez: especialitzada en el proc\u00e9s de l&#039;Duel","isPartOf":{"@id":"https:\/\/annaflores.es\/#website"},"datePublished":"2021-07-27T15:20:27+00:00","dateModified":"2026-04-26T10:40:04+00:00","description":"S\u00f3c Isabel P\u00e9rez, estic acreditada en Coaching Ontol\u00f2gic per la ICF i com Coach Experta en PNL per The Society of NLP","breadcrumb":{"@id":"https:\/\/annaflores.es\/isabel-perez\/#breadcrumb"},"inLanguage":"ca","potentialAction":[{"@type":"ReadAction","target":["https:\/\/annaflores.es\/isabel-perez\/"]}]},{"@type":"BreadcrumbList","@id":"https:\/\/annaflores.es\/isabel-perez\/#breadcrumb","itemListElement":[{"@type":"ListItem","position":1,"name":"Inicio","item":"https:\/\/www.annaflores.es\/"},{"@type":"ListItem","position":2,"name":"Isabel P\u00e9rez"}]},{"@type":"WebSite","@id":"https:\/\/annaflores.es\/#website","url":"https:\/\/annaflores.es\/","name":"Anna Flores","description":"Cursos de Coaching i PNL a Barcelona","publisher":{"@id":"https:\/\/annaflores.es\/#organization"},"alternateName":"Institut Anna Flores","potentialAction":[{"@type":"SearchAction","target":{"@type":"EntryPoint","urlTemplate":"https:\/\/annaflores.es\/?s={search_term_string}"},"query-input":{"@type":"PropertyValueSpecification","valueRequired":true,"valueName":"search_term_string"}}],"inLanguage":"ca"},{"@type":"Organization","@id":"https:\/\/annaflores.es\/#organization","name":"Institut Anna Flors","alternateName":"Anna Flores","url":"https:\/\/annaflores.es\/","logo":{"@type":"ImageObject","inLanguage":"ca","@id":"https:\/\/annaflores.es\/#\/schema\/logo\/image\/","url":"https:\/\/annaflores.es\/wp-content\/uploads\/IAFCAT-BLAU-MES-INTENS_traspa-e1610467605488.png","contentUrl":"https:\/\/annaflores.es\/wp-content\/uploads\/IAFCAT-BLAU-MES-INTENS_traspa-e1610467605488.png","width":200,"height":51,"caption":"Instituto Anna Flores"},"image":{"@id":"https:\/\/annaflores.es\/#\/schema\/logo\/image\/"},"sameAs":["https:\/\/www.facebook.com\/InstitutCoachingPNLAnnaFlores\/","https:\/\/www.instagram.com\/annafloresinstitut\/","https:\/\/www.linkedin.com\/in\/annaflorescoaching\/","https:\/\/www.youtube.com\/c\/InstitutodePNLyCoachingAnnaFlores"]}]}},"_links":{"self":[{"href":"https:\/\/annaflores.es\/ca\/wp-json\/wp\/v2\/pages\/16990","targetHints":{"allow":["GET"]}}],"collection":[{"href":"https:\/\/annaflores.es\/ca\/wp-json\/wp\/v2\/pages"}],"about":[{"href":"https:\/\/annaflores.es\/ca\/wp-json\/wp\/v2\/types\/page"}],"author":[{"embeddable":true,"href":"https:\/\/annaflores.es\/ca\/wp-json\/wp\/v2\/users\/2"}],"replies":[{"embeddable":true,"href":"https:\/\/annaflores.es\/ca\/wp-json\/wp\/v2\/comments?post=16990"}],"version-history":[{"count":2,"href":"https:\/\/annaflores.es\/ca\/wp-json\/wp\/v2\/pages\/16990\/revisions"}],"predecessor-version":[{"id":24457,"href":"https:\/\/annaflores.es\/ca\/wp-json\/wp\/v2\/pages\/16990\/revisions\/24457"}],"wp:attachment":[{"href":"https:\/\/annaflores.es\/ca\/wp-json\/wp\/v2\/media?parent=16990"}],"curies":[{"name":"wp","href":"https:\/\/api.w.org\/{rel}","templated":true}]}}