{"id":23761,"date":"2025-12-30T12:39:31","date_gmt":"2025-12-30T11:39:31","guid":{"rendered":"https:\/\/www.annaflores.es\/?page_id=23761"},"modified":"2026-04-26T12:36:52","modified_gmt":"2026-04-26T10:36:52","slug":"natalia-tabella","status":"publish","type":"page","link":"https:\/\/annaflores.es\/ca\/natalia-tabella\/","title":{"rendered":"Natalia Tabella"},"content":{"rendered":"<p><div class=\"fusion-fullwidth fullwidth-box fusion-builder-row-1 fusion-flex-container has-pattern-background has-mask-background nonhundred-percent-fullwidth non-hundred-percent-height-scrolling\" style=\"--awb-border-radius-top-left:0px;--awb-border-radius-top-right:0px;--awb-border-radius-bottom-right:0px;--awb-border-radius-bottom-left:0px;--awb-flex-wrap:wrap;\" ><div class=\"fusion-builder-row fusion-row fusion-flex-align-items-flex-start fusion-flex-content-wrap\" style=\"max-width:1424.8px;margin-left: calc(-4% \/ 2 );margin-right: calc(-4% \/ 2 );\"><div class=\"fusion-layout-column fusion_builder_column fusion-builder-column-0 fusion_builder_column_1_1 1_1 fusion-flex-column\" style=\"--awb-bg-size:cover;--awb-width-large:100%;--awb-margin-top-large:0px;--awb-spacing-right-large:1.92%;--awb-margin-bottom-large:20px;--awb-spacing-left-large:1.92%;--awb-width-medium:100%;--awb-order-medium:0;--awb-spacing-right-medium:1.92%;--awb-spacing-left-medium:1.92%;--awb-width-small:100%;--awb-order-small:0;--awb-spacing-right-small:1.92%;--awb-spacing-left-small:1.92%;\"><div class=\"fusion-column-wrapper fusion-column-has-shadow fusion-flex-justify-content-flex-start fusion-content-layout-column\"><div class=\"fusion-title title fusion-title-1 fusion-sep-none fusion-title-center fusion-title-text fusion-title-size-one\" style=\"--awb-margin-top-small:0px;--awb-margin-right-small:0px;--awb-margin-bottom-small:10px;--awb-margin-left-small:0px;\"><h1 class=\"fusion-title-heading title-heading-center fusion-responsive-typography-calculated\" style=\"margin:0;--fontSize:36;line-height:1.4;\">Natalia Tabella<\/h1><\/div><\/div><\/div><\/div><\/div><div class=\"fusion-fullwidth fullwidth-box fusion-builder-row-2 fusion-flex-container hundred-percent-fullwidth non-hundred-percent-height-scrolling\" style=\"--awb-border-radius-top-left:0px;--awb-border-radius-top-right:0px;--awb-border-radius-bottom-right:0px;--awb-border-radius-bottom-left:0px;--awb-overflow:visible;--awb-flex-wrap:wrap;\" ><div class=\"fusion-builder-row fusion-row fusion-flex-align-items-flex-start fusion-flex-content-wrap\" style=\"width:104% !important;max-width:104% !important;margin-left: calc(-4% \/ 2 );margin-right: calc(-4% \/ 2 );\"><div class=\"fusion-layout-column fusion_builder_column fusion-builder-column-1 fusion_builder_column_1_2 1_2 fusion-flex-column\" style=\"--awb-bg-blend:overlay;--awb-bg-size:cover;--awb-width-large:50%;--awb-margin-top-large:0px;--awb-spacing-right-large:3.84%;--awb-margin-bottom-large:20px;--awb-spacing-left-large:3.84%;--awb-width-medium:100%;--awb-spacing-right-medium:1.92%;--awb-spacing-left-medium:1.92%;--awb-width-small:100%;--awb-spacing-right-small:1.92%;--awb-spacing-left-small:1.92%;\"><div class=\"fusion-column-wrapper fusion-flex-justify-content-flex-start fusion-content-layout-column\"><div class=\"fusion-separator fusion-full-width-sep\" style=\"align-self: center;margin-left: auto;margin-right: auto;margin-top:5px;margin-bottom:5px;width:100%;\"><\/div><div class=\"fusion-text fusion-text-1\" style=\"--awb-content-alignment:center;\"><p><img decoding=\"async\" class=\"lazyload alignnone wp-image-23770\" src=\"data:image\/svg+xml,%3Csvg%20xmlns%3D%27http%3A%2F%2Fwww.w3.org%2F2000%2Fsvg%27%20width%3D%27450%27%20height%3D%27494%27%20viewBox%3D%270%200%20450%20494%27%3E%3Crect%20width%3D%27450%27%20height%3D%27494%27%20fill-opacity%3D%220%22%2F%3E%3C%2Fsvg%3E\" data-orig-src=\"https:\/\/www.annaflores.es\/wp-content\/uploads\/Natalia-Tabella-2-600x659.jpg\" alt=\"\" width=\"450\" height=\"494\" \/><\/p>\n<\/div><\/div><\/div><div class=\"fusion-layout-column fusion_builder_column fusion-builder-column-2 fusion_builder_column_1_2 1_2 fusion-flex-column\" style=\"--awb-bg-blend:overlay;--awb-bg-size:cover;--awb-width-large:50%;--awb-margin-top-large:0px;--awb-spacing-right-large:3.84%;--awb-margin-bottom-large:20px;--awb-spacing-left-large:3.84%;--awb-width-medium:100%;--awb-spacing-right-medium:1.92%;--awb-spacing-left-medium:1.92%;--awb-width-small:100%;--awb-spacing-right-small:1.92%;--awb-spacing-left-small:1.92%;\"><div class=\"fusion-column-wrapper fusion-flex-justify-content-flex-start fusion-content-layout-column\"><div class=\"fusion-title title fusion-title-2 fusion-title-text fusion-title-size-two\" style=\"--awb-margin-top-small:0px;--awb-margin-right-small:0px;--awb-margin-bottom-small:10px;--awb-margin-left-small:0px;\"><div class=\"title-sep-container title-sep-container-left fusion-no-large-visibility fusion-no-medium-visibility fusion-no-small-visibility\"><div class=\"title-sep sep-double sep-solid\" style=\"border-color:#e0dede;\"><\/div><\/div><span class=\"awb-title-spacer fusion-no-large-visibility fusion-no-medium-visibility fusion-no-small-visibility\"><\/span><h2 class=\"fusion-title-heading title-heading-left fusion-responsive-typography-calculated\" style=\"margin:0;--fontSize:24;line-height:1.5;\">Qui s\u00f3c?<\/h2><span class=\"awb-title-spacer\"><\/span><div class=\"title-sep-container title-sep-container-right\"><div class=\"title-sep sep-double sep-solid\" style=\"border-color:#e0dede;\"><\/div><\/div><\/div><div class=\"fusion-text fusion-text-2\"><p>S\u00f3c Natalia Tabella. Al llarg de la meva vida he travessat nombroses transicions que van transformar profundament la meva manera de comprendre el canvi i el creixement personal. Cada proc\u00e9s em va ensenyar que, abans de buscar respostes a fora, \u00e9s imprescindible aprendre a sostenir-se per dins.<\/p>\n<p><strong>Quan mous a dins, mous a fora!<\/strong><\/p>\n<p>Durant anys vaig viure en moviment, conven\u00e7uda que l&#039;estabilitat arribaria quan arrib\u00e9s a certes metes externes. Fins que vaig comprendre que res no ens pot sostenir si abans no aprenem a sostenir-nos a nosaltres mateixos. Aquest descobriment \u2014simple i immens alhora\u2014 em va connectar amb el meu prop\u00f2sit vital: <strong>acompanyar processos de canvi de manera conscient, profunda i sostenible.<\/strong><\/p>\n<p>La meva vocaci\u00f3 va n\u00e9ixer de l&#039;inter\u00e8s per entendre l&#039;\u00e9sser hum\u00e0, la seva ment, les seves emocions i la manera com pot transformar la seva realitat quan accedeix als recursos interns.<\/p>\n<p>Des de llavors, he dedicat la meva vida a formar-me i integrar diferents disciplines del creixement personal per oferir un acompanyament professional, \u00e8tic i respectu\u00f3s, centrat en la persona, en la seva capacitat de transformaci\u00f3 i en la recerca real de pertinen\u00e7a: <strong>Pert\u00e0nyer a un mateix.<\/strong><\/p>\n<\/div><\/div><\/div><div class=\"fusion-layout-column fusion_builder_column fusion-builder-column-3 fusion_builder_column_1_2 1_2 fusion-flex-column\" style=\"--awb-bg-blend:overlay;--awb-bg-size:cover;--awb-width-large:50%;--awb-margin-top-large:0px;--awb-spacing-right-large:3.84%;--awb-margin-bottom-large:20px;--awb-spacing-left-large:3.84%;--awb-width-medium:100%;--awb-spacing-right-medium:1.92%;--awb-spacing-left-medium:1.92%;--awb-width-small:100%;--awb-spacing-right-small:1.92%;--awb-spacing-left-small:1.92%;\"><div class=\"fusion-column-wrapper fusion-flex-justify-content-flex-start fusion-content-layout-column\"><div class=\"fusion-title title fusion-title-3 fusion-title-text fusion-title-size-two\" style=\"--awb-margin-top-small:0px;--awb-margin-right-small:0px;--awb-margin-bottom-small:10px;--awb-margin-left-small:0px;\"><div class=\"title-sep-container title-sep-container-left fusion-no-large-visibility fusion-no-medium-visibility fusion-no-small-visibility\"><div class=\"title-sep sep-double sep-solid\" style=\"border-color:#e0dede;\"><\/div><\/div><span class=\"awb-title-spacer fusion-no-large-visibility fusion-no-medium-visibility fusion-no-small-visibility\"><\/span><h2 class=\"fusion-title-heading title-heading-left fusion-responsive-typography-calculated\" style=\"margin:0;--fontSize:24;line-height:1.5;\">Les meves credencials<\/h2><span class=\"awb-title-spacer\"><\/span><div class=\"title-sep-container title-sep-container-right\"><div class=\"title-sep sep-double sep-solid\" style=\"border-color:#e0dede;\"><\/div><\/div><\/div><div class=\"fusion-text fusion-text-3\"><p>La meva formaci\u00f3 va iniciar amb el <a href=\"https:\/\/annaflores.es\/ca\/curs-practitioner-pnl\/\" target=\"_blank\" rel=\"noopener\"><strong>Practitioner a PNL<\/strong><\/a>, seguit pel <strong>certificat com <\/strong><strong><\/strong><strong><\/strong><strong><a href=\"https:\/\/annaflores.es\/ca\/curs-de-coach-certificat-a-pnl\/\" target=\"_blank\" rel=\"noopener noreferrer\">Coach Professional<\/a><\/strong><a href=\"https:\/\/annaflores.es\/ca\/curs-de-coach-certificat-a-pnl\/\">. <\/a>A partir d&#039;all\u00e0 vaig continuar ampliant i aprofundint el meu recorregut acad\u00e8mic i pr\u00e0ctic:<\/p>\n<ul>\n<li><strong><a href=\"https:\/\/annaflores.es\/ca\/curs-de-coach-certificat-a-pnl\/\" target=\"_blank\" rel=\"noopener noreferrer\">Coach Experta en PNL<\/a><\/strong>, certificada internacionalment com <em>Licensed NLP Coach<\/em> per <strong>The Society of NLP \u2122<\/strong> i el <strong>Dr Richard Bandler\u00ae<\/strong>, co-creador de la Programaci\u00f3 Neuroling\u00fc\u00edstica.<\/li>\n<li><a href=\"https:\/\/annaflores.es\/ca\/formacio-en-terapia-certificacio-tri\/\" target=\"_blank\" rel=\"noopener\"><strong>Terapeuta Certificada a TRI\u00ae<\/strong><\/a> per la <strong>Associaci\u00f3 Internacional de TRI (AITRI)<\/strong>, formant-me directament amb la seva creadora, <strong>Anna Flores<\/strong>.<\/li>\n<li>Formaci\u00f3 a <strong>Flors de Bach,<\/strong> aplicades a l&#039;Acompanyament.<\/li>\n<li><strong>Acreditaci\u00f3 en Hipnosi Ericksoniana Aplicada<\/strong>, certificada internacionalment per la <strong>AHPNL. <\/strong><\/li>\n<\/ul>\n<p>El meu proper objectiu \u00e9s obtenir la <strong>Certificaci\u00f3 com a Entrenadora Internacional de TRI\u00ae. Amb aquesta preparaci\u00f3 podr\u00e9<\/strong> seguir expandint les meves compet\u00e8ncies i contribuir a la formaci\u00f3 de nous professionals en una de les disciplines amb qu\u00e8 els meus clients obtenen resultats extraordinaris per tornar a la vida all\u00f2 que la vida m&#039;ha donat.<\/p>\n<\/div><\/div><\/div><div class=\"fusion-layout-column fusion_builder_column fusion-builder-column-4 fusion_builder_column_1_2 1_2 fusion-flex-column\" style=\"--awb-bg-blend:overlay;--awb-bg-size:cover;--awb-width-large:50%;--awb-margin-top-large:0px;--awb-spacing-right-large:3.84%;--awb-margin-bottom-large:20px;--awb-spacing-left-large:3.84%;--awb-width-medium:100%;--awb-spacing-right-medium:1.92%;--awb-spacing-left-medium:1.92%;--awb-width-small:100%;--awb-spacing-right-small:1.92%;--awb-spacing-left-small:1.92%;\"><div class=\"fusion-column-wrapper fusion-flex-justify-content-flex-start fusion-content-layout-column\"><div class=\"fusion-title title fusion-title-4 fusion-title-text fusion-title-size-two\" style=\"--awb-margin-top-small:0px;--awb-margin-right-small:0px;--awb-margin-bottom-small:10px;--awb-margin-left-small:0px;\"><div class=\"title-sep-container title-sep-container-left fusion-no-large-visibility fusion-no-medium-visibility fusion-no-small-visibility\"><div class=\"title-sep sep-double sep-solid\" style=\"border-color:#e0dede;\"><\/div><\/div><span class=\"awb-title-spacer fusion-no-large-visibility fusion-no-medium-visibility fusion-no-small-visibility\"><\/span><h2 class=\"fusion-title-heading title-heading-left fusion-responsive-typography-calculated\" style=\"margin:0;--fontSize:24;line-height:1.5;\">El meu comprom\u00eds<\/h2><span class=\"awb-title-spacer\"><\/span><div class=\"title-sep-container title-sep-container-right\"><div class=\"title-sep sep-double sep-solid\" style=\"border-color:#e0dede;\"><\/div><\/div><\/div><div class=\"fusion-text fusion-text-4\"><p>Acompanyar una persona en el proc\u00e9s de transformaci\u00f3 \u00e9s un acte d&#039;enorme responsabilitat. El meu comprom\u00eds es basa en el respecte per la individualitat, la sensibilitat per escoltar el que passa m\u00e9s enll\u00e0 del relat i la professionalitat necess\u00e0ria per sostenir un proc\u00e9s segur, \u00edntegre i \u00e8tic.<\/p>\n<p><strong>Crec profundament en la capacitat humana de reconstruir-se, enfortir-se i avan\u00e7ar fins i tot en moments d&#039;incertesa.<\/strong><br \/>\nLa recerca de pertinen\u00e7a \u2014aquest anhel tan hum\u00e0 de sentir-se part d&#039;alguna cosa\u2014 nom\u00e9s troba la plenitud quan una persona aconsegueix primer pert\u00e0nyer a si mateixa. Quan es reconeix, es valida i se sost\u00e9 des de dins, qualsevol altre vincle a la seva vida cobra sentit i coher\u00e8ncia.<\/p>\n<p>Per aix\u00f2, la meva tasca se centra a facilitar que cada persona accedeixi als recursos interns, aclareixi el seu propi cam\u00ed i pugui vincular-se amb la seva vida des d&#039;un lloc m\u00e9s conscient i aut\u00e8ntic.<\/p>\n<p><strong>El meu prop\u00f2sit \u00e9s oferir un acompanyament s\u00f2lid, hum\u00e0 i transformador<\/strong>, honrant la confian\u00e7a que cada persona diposita en mi i treballant sempre des de l&#039;honestedat, la dedicaci\u00f3 i la coher\u00e8ncia.<\/p>\n<\/div><\/div><\/div><div class=\"fusion-layout-column fusion_builder_column fusion-builder-column-5 fusion_builder_column_1_1 1_1 fusion-flex-column fusion-flex-align-self-flex-start fusion-column-no-min-height\" style=\"--awb-bg-size:cover;--awb-width-large:100%;--awb-margin-top-large:0px;--awb-spacing-right-large:1.92%;--awb-margin-bottom-large:0px;--awb-spacing-left-large:1.92%;--awb-width-medium:100%;--awb-spacing-right-medium:1.92%;--awb-spacing-left-medium:1.92%;--awb-width-small:100%;--awb-spacing-right-small:1.92%;--awb-spacing-left-small:1.92%;\"><div class=\"fusion-column-wrapper fusion-flex-justify-content-flex-start fusion-content-layout-column\"><div class=\"fusion-separator fusion-full-width-sep\" style=\"align-self: center;margin-left: auto;margin-right: auto;margin-top:30px;margin-bottom:30px;width:100%;\"><\/div><\/div><\/div><div class=\"fusion-layout-column fusion_builder_column fusion-builder-column-6 fusion_builder_column_1_1 1_1 fusion-flex-column fusion-flex-align-self-flex-start fusion-column-no-min-height\" style=\"--awb-bg-size:cover;--awb-width-large:100%;--awb-margin-top-large:0px;--awb-spacing-right-large:1.92%;--awb-margin-bottom-large:0px;--awb-spacing-left-large:1.92%;--awb-width-medium:100%;--awb-spacing-right-medium:1.92%;--awb-spacing-left-medium:1.92%;--awb-width-small:100%;--awb-spacing-right-small:1.92%;--awb-spacing-left-small:1.92%;\"><div class=\"fusion-column-wrapper fusion-flex-justify-content-flex-start fusion-content-layout-column\"><\/div><\/div><\/div><\/div><\/p>","protected":false},"excerpt":{"rendered":"","protected":false},"author":2,"featured_media":0,"parent":0,"menu_order":0,"comment_status":"closed","ping_status":"closed","template":"","meta":{"_acf_changed":false,"footnotes":""},"class_list":["post-23761","page","type-page","status-publish","hentry"],"acf":[],"yoast_head":"<!-- This site is optimized with the Yoast SEO Premium plugin v23.9 (Yoast SEO v27.4) - https:\/\/yoast.com\/product\/yoast-seo-premium-wordpress\/ -->\n<title>Sobre Natalia Tabella: Coach y Terapeuta en Institut Anna Flores<\/title>\n<meta name=\"description\" content=\"Acompa\u00f1o a personas desde la disciplina de la PNL Coaching en procesos de cambio y crecimiento personal (Live Coach). \u00a1El cambio es posible con el impulso adecuado!\" \/>\n<meta name=\"robots\" content=\"index, follow, max-snippet:-1, max-image-preview:large, max-video-preview:-1\" \/>\n<link rel=\"canonical\" href=\"https:\/\/annaflores.es\/ca\/natalia-tabella\/\" \/>\n<meta property=\"og:locale\" content=\"ca_ES\" \/>\n<meta property=\"og:type\" content=\"article\" \/>\n<meta property=\"og:title\" content=\"Natalia Tabella\" \/>\n<meta property=\"og:description\" content=\"Acompa\u00f1o a personas desde la disciplina de la PNL Coaching en procesos de cambio y crecimiento personal (Live Coach). \u00a1El cambio es posible con el impulso adecuado!\" \/>\n<meta property=\"og:url\" content=\"https:\/\/annaflores.es\/ca\/natalia-tabella\/\" \/>\n<meta property=\"og:site_name\" content=\"Anna Flores\" \/>\n<meta property=\"article:publisher\" content=\"https:\/\/www.facebook.com\/InstitutCoachingPNLAnnaFlores\/\" \/>\n<meta property=\"article:modified_time\" content=\"2026-04-26T10:36:52+00:00\" \/>\n<meta property=\"og:image\" content=\"https:\/\/www.annaflores.es\/wp-content\/uploads\/Natalia-Tabella-2-600x659.jpg\" \/>\n<meta name=\"twitter:card\" content=\"summary_large_image\" \/>\n<meta name=\"twitter:label1\" content=\"Temps estimat de lectura\" \/>\n\t<meta name=\"twitter:data1\" content=\"3 minuts\" \/>\n<!-- \/ Yoast SEO Premium plugin. -->","yoast_head_json":{"title":"Sobre Natalia Tabella: Coach i Terapeuta a Institut Anna Flores","description":"Acompanyo persones des de la disciplina de la PNL Coaching en processos de canvi i creixement personal (Live Coach). \u00a1El canvi \u00e9s possible amb l&#039;impuls adequat!","robots":{"index":"index","follow":"follow","max-snippet":"max-snippet:-1","max-image-preview":"max-image-preview:large","max-video-preview":"max-video-preview:-1"},"canonical":"https:\/\/annaflores.es\/ca\/natalia-tabella\/","og_locale":"ca_ES","og_type":"article","og_title":"Natalia Tabella","og_description":"Acompa\u00f1o a personas desde la disciplina de la PNL Coaching en procesos de cambio y crecimiento personal (Live Coach). \u00a1El cambio es posible con el impulso adecuado!","og_url":"https:\/\/annaflores.es\/ca\/natalia-tabella\/","og_site_name":"Anna Flores","article_publisher":"https:\/\/www.facebook.com\/InstitutCoachingPNLAnnaFlores\/","article_modified_time":"2026-04-26T10:36:52+00:00","og_image":[{"url":"https:\/\/www.annaflores.es\/wp-content\/uploads\/Natalia-Tabella-2-600x659.jpg","type":"","width":"","height":""}],"twitter_card":"summary_large_image","twitter_misc":{"Temps estimat de lectura":"3 minuts"},"schema":{"@context":"https:\/\/schema.org","@graph":[{"@type":["WebPage","AboutPage"],"@id":"https:\/\/annaflores.es\/natalia-tabella\/","url":"https:\/\/annaflores.es\/natalia-tabella\/","name":"Sobre Natalia Tabella: Coach i Terapeuta a Institut Anna Flores","isPartOf":{"@id":"https:\/\/annaflores.es\/#website"},"primaryImageOfPage":{"@id":"https:\/\/annaflores.es\/natalia-tabella\/#primaryimage"},"image":{"@id":"https:\/\/annaflores.es\/natalia-tabella\/#primaryimage"},"thumbnailUrl":"https:\/\/www.annaflores.es\/wp-content\/uploads\/Natalia-Tabella-2-600x659.jpg","datePublished":"2025-12-30T11:39:31+00:00","dateModified":"2026-04-26T10:36:52+00:00","description":"Acompanyo persones des de la disciplina de la PNL Coaching en processos de canvi i creixement personal (Live Coach). \u00a1El canvi \u00e9s possible amb l&#039;impuls adequat!","breadcrumb":{"@id":"https:\/\/annaflores.es\/natalia-tabella\/#breadcrumb"},"inLanguage":"ca","potentialAction":[{"@type":"ReadAction","target":["https:\/\/annaflores.es\/natalia-tabella\/"]}]},{"@type":"ImageObject","inLanguage":"ca","@id":"https:\/\/annaflores.es\/natalia-tabella\/#primaryimage","url":"https:\/\/www.annaflores.es\/wp-content\/uploads\/Natalia-Tabella-2-600x659.jpg","contentUrl":"https:\/\/www.annaflores.es\/wp-content\/uploads\/Natalia-Tabella-2-600x659.jpg"},{"@type":"BreadcrumbList","@id":"https:\/\/annaflores.es\/natalia-tabella\/#breadcrumb","itemListElement":[{"@type":"ListItem","position":1,"name":"Inicio","item":"https:\/\/www.annaflores.es\/"},{"@type":"ListItem","position":2,"name":"Natalia Tabella"}]},{"@type":"WebSite","@id":"https:\/\/annaflores.es\/#website","url":"https:\/\/annaflores.es\/","name":"Anna Flores","description":"Cursos de Coaching i PNL a Barcelona","publisher":{"@id":"https:\/\/annaflores.es\/#organization"},"alternateName":"Institut Anna Flores","potentialAction":[{"@type":"SearchAction","target":{"@type":"EntryPoint","urlTemplate":"https:\/\/annaflores.es\/?s={search_term_string}"},"query-input":{"@type":"PropertyValueSpecification","valueRequired":true,"valueName":"search_term_string"}}],"inLanguage":"ca"},{"@type":"Organization","@id":"https:\/\/annaflores.es\/#organization","name":"Institut Anna Flors","alternateName":"Anna Flores","url":"https:\/\/annaflores.es\/","logo":{"@type":"ImageObject","inLanguage":"ca","@id":"https:\/\/annaflores.es\/#\/schema\/logo\/image\/","url":"https:\/\/annaflores.es\/wp-content\/uploads\/IAFCAT-BLAU-MES-INTENS_traspa-e1610467605488.png","contentUrl":"https:\/\/annaflores.es\/wp-content\/uploads\/IAFCAT-BLAU-MES-INTENS_traspa-e1610467605488.png","width":200,"height":51,"caption":"Instituto Anna Flores"},"image":{"@id":"https:\/\/annaflores.es\/#\/schema\/logo\/image\/"},"sameAs":["https:\/\/www.facebook.com\/InstitutCoachingPNLAnnaFlores\/","https:\/\/www.instagram.com\/annafloresinstitut\/","https:\/\/www.linkedin.com\/in\/annaflorescoaching\/","https:\/\/www.youtube.com\/c\/InstitutodePNLyCoachingAnnaFlores"]}]}},"_links":{"self":[{"href":"https:\/\/annaflores.es\/ca\/wp-json\/wp\/v2\/pages\/23761","targetHints":{"allow":["GET"]}}],"collection":[{"href":"https:\/\/annaflores.es\/ca\/wp-json\/wp\/v2\/pages"}],"about":[{"href":"https:\/\/annaflores.es\/ca\/wp-json\/wp\/v2\/types\/page"}],"author":[{"embeddable":true,"href":"https:\/\/annaflores.es\/ca\/wp-json\/wp\/v2\/users\/2"}],"replies":[{"embeddable":true,"href":"https:\/\/annaflores.es\/ca\/wp-json\/wp\/v2\/comments?post=23761"}],"version-history":[{"count":4,"href":"https:\/\/annaflores.es\/ca\/wp-json\/wp\/v2\/pages\/23761\/revisions"}],"predecessor-version":[{"id":24453,"href":"https:\/\/annaflores.es\/ca\/wp-json\/wp\/v2\/pages\/23761\/revisions\/24453"}],"wp:attachment":[{"href":"https:\/\/annaflores.es\/ca\/wp-json\/wp\/v2\/media?parent=23761"}],"curies":[{"name":"wp","href":"https:\/\/api.w.org\/{rel}","templated":true}]}}