{"id":8950,"date":"2015-09-22T16:53:43","date_gmt":"2015-09-22T16:53:43","guid":{"rendered":"http:\/\/www.annaflores.es\/?page_id=8950"},"modified":"2024-11-16T13:35:22","modified_gmt":"2024-11-16T12:35:22","slug":"terapia-amb-pnl","status":"publish","type":"page","link":"https:\/\/annaflores.es\/ca\/terapia-con-pnl\/","title":{"rendered":"Ter\u00e0pia amb PNL"},"content":{"rendered":"<p><div class=\"fusion-fullwidth fullwidth-box fusion-builder-row-1 fusion-flex-container nonhundred-percent-fullwidth non-hundred-percent-height-scrolling\" style=\"--awb-border-radius-top-left:0px;--awb-border-radius-top-right:0px;--awb-border-radius-bottom-right:0px;--awb-border-radius-bottom-left:0px;--awb-flex-wrap:wrap;\" ><div class=\"fusion-builder-row fusion-row fusion-flex-align-items-flex-start fusion-flex-content-wrap\" style=\"max-width:1424.8px;margin-left: calc(-4% \/ 2 );margin-right: calc(-4% \/ 2 );\"><div class=\"fusion-layout-column fusion_builder_column fusion-builder-column-0 fusion_builder_column_1_1 1_1 fusion-flex-column\" style=\"--awb-bg-size:cover;--awb-width-large:100%;--awb-margin-top-large:0px;--awb-spacing-right-large:1.92%;--awb-margin-bottom-large:0px;--awb-spacing-left-large:1.92%;--awb-width-medium:100%;--awb-spacing-right-medium:1.92%;--awb-spacing-left-medium:1.92%;--awb-width-small:100%;--awb-spacing-right-small:1.92%;--awb-spacing-left-small:1.92%;\"><div class=\"fusion-column-wrapper fusion-flex-justify-content-flex-start fusion-content-layout-column\"><div class=\"fusion-title title fusion-title-1 fusion-title-text fusion-title-size-one\" style=\"--awb-margin-top-small:0px;--awb-margin-right-small:0px;--awb-margin-bottom-small:10px;--awb-margin-left-small:0px;\"><div class=\"title-sep-container title-sep-container-left fusion-no-large-visibility fusion-no-medium-visibility fusion-no-small-visibility\"><div class=\"title-sep sep-double sep-solid\" style=\"border-color:#e0dede;\"><\/div><\/div><span class=\"awb-title-spacer fusion-no-large-visibility fusion-no-medium-visibility fusion-no-small-visibility\"><\/span><h1 class=\"fusion-title-heading title-heading-left fusion-responsive-typography-calculated\" style=\"margin:0;--fontSize:36;line-height:1.4;\">Ter\u00e0pia amb PNL<\/h1><span class=\"awb-title-spacer\"><\/span><div class=\"title-sep-container title-sep-container-right\"><div class=\"title-sep sep-double sep-solid\" style=\"border-color:#e0dede;\"><\/div><\/div><\/div><\/div><\/div><\/div><\/div><div class=\"fusion-fullwidth fullwidth-box fusion-builder-row-2 fusion-flex-container hundred-percent-fullwidth non-hundred-percent-height-scrolling\" style=\"--awb-border-radius-top-left:0px;--awb-border-radius-top-right:0px;--awb-border-radius-bottom-right:0px;--awb-border-radius-bottom-left:0px;--awb-overflow:visible;--awb-flex-wrap:wrap;\" ><div class=\"fusion-builder-row fusion-row fusion-flex-align-items-flex-start fusion-flex-content-wrap\" style=\"width:104% !important;max-width:104% !important;margin-left: calc(-4% \/ 2 );margin-right: calc(-4% \/ 2 );\"><div class=\"fusion-layout-column fusion_builder_column fusion-builder-column-1 fusion_builder_column_1_2 1_2 fusion-flex-column\" style=\"--awb-bg-blend:overlay;--awb-bg-size:cover;--awb-width-large:50%;--awb-margin-top-large:0px;--awb-spacing-right-large:3.84%;--awb-margin-bottom-large:20px;--awb-spacing-left-large:3.84%;--awb-width-medium:100%;--awb-order-medium:0;--awb-spacing-right-medium:1.92%;--awb-spacing-left-medium:1.92%;--awb-width-small:100%;--awb-order-small:0;--awb-spacing-right-small:1.92%;--awb-spacing-left-small:1.92%;\" data-scroll-devices=\"small-visibility,medium-visibility,large-visibility\"><div class=\"fusion-column-wrapper lazyload fusion-column-has-shadow fusion-flex-justify-content-flex-start fusion-content-layout-column fusion-empty-column-bg-image fusion-column-has-bg-image\" data-bg-url=\"https:\/\/annaflores.es\/wp-content\/uploads\/noia-gespa-retallada.jpg\" data-bg=\"https:\/\/annaflores.es\/wp-content\/uploads\/noia-gespa-retallada.jpg\"><img decoding=\"async\" class=\"fusion-empty-dims-img-placeholder\" aria-label=\"noia gespa retallada\" src=\"data:image\/svg+xml,%3Csvg%20xmlns%3D%27http%3A%2F%2Fwww.w3.org%2F2000%2Fsvg%27%20width%3D%27612%27%20height%3D%27475%27%20viewBox%3D%270%200%20612%20475%27%3E%3Crect%20width%3D%27612%27%20height%3D%27475%27%20fill-opacity%3D%220%22%2F%3E%3C%2Fsvg%3E\"><\/div><\/div><div class=\"fusion-layout-column fusion_builder_column fusion-builder-column-2 fusion_builder_column_1_2 1_2 fusion-flex-column\" style=\"--awb-bg-blend:overlay;--awb-bg-size:cover;--awb-width-large:50%;--awb-margin-top-large:0px;--awb-spacing-right-large:3.84%;--awb-margin-bottom-large:20px;--awb-spacing-left-large:3.84%;--awb-width-medium:100%;--awb-order-medium:0;--awb-spacing-right-medium:1.92%;--awb-spacing-left-medium:1.92%;--awb-width-small:100%;--awb-order-small:0;--awb-spacing-right-small:1.92%;--awb-spacing-left-small:1.92%;\"><div class=\"fusion-column-wrapper fusion-column-has-shadow fusion-flex-justify-content-flex-start fusion-content-layout-column\"><div class=\"fusion-text fusion-text-1\"><p style=\"text-align: justify;\">Les sessions de ter\u00e0pia amb PNL s\u00f3n convenients per a qualsevol persona que vulgui canviar h\u00e0bits nocius, conductes no beneficioses o estats emocionals limitants. A continuaci\u00f3 una llista dels objectius m\u00e9s habituals:<\/p>\n<p style=\"text-align: justify;\">\n<\/div><ul style=\"--awb-size:13px;--awb-line-height:22.1px;--awb-icon-width:22.1px;--awb-icon-height:22.1px;--awb-icon-margin:9.1px;--awb-content-margin:31.2px;--awb-circlecolor:#90c9e8;--awb-circle-yes-font-size:11.44px;\" class=\"fusion-checklist fusion-checklist-1 fusion-checklist-default type-icons\"><li class=\"fusion-li-item\" style=\"\"><span class=\"icon-wrapper circle-yes\"><i class=\"fusion-li-icon fa fa-chevron-right\" aria-hidden=\"true\"><\/i><\/span><div class=\"fusion-li-item-content\">Augment de l'autoestima, la seguretat o la confian\u00e7a<\/div><\/li><li class=\"fusion-li-item\" style=\"\"><span class=\"icon-wrapper circle-yes\"><i class=\"fusion-li-icon fa fa-chevron-right\" aria-hidden=\"true\"><\/i><\/span><div class=\"fusion-li-item-content\">Canvi d'h\u00e0bits nocius<\/div><\/li><li class=\"fusion-li-item\" style=\"\"><span class=\"icon-wrapper circle-yes\"><i class=\"fusion-li-icon fa fa-chevron-right\" aria-hidden=\"true\"><\/i><\/span><div class=\"fusion-li-item-content\">Millora d\u2019habilitats socials i de comunicaci\u00f3<\/div><\/li><li class=\"fusion-li-item\" style=\"\"><span class=\"icon-wrapper circle-yes\"><i class=\"fusion-li-icon fa fa-chevron-right\" aria-hidden=\"true\"><\/i><\/span><div class=\"fusion-li-item-content\">Superaci\u00f3 de traumes<\/div><\/li><li class=\"fusion-li-item\" style=\"\"><span class=\"icon-wrapper circle-yes\"><i class=\"fusion-li-icon fa fa-chevron-right\" aria-hidden=\"true\"><\/i><\/span><div class=\"fusion-li-item-content\">Augment de la concentraci\u00f3 en els estudis o el treball<\/div><\/li><li class=\"fusion-li-item\" style=\"\"><span class=\"icon-wrapper circle-yes\"><i class=\"fusion-li-icon fa fa-chevron-right\" aria-hidden=\"true\"><\/i><\/span><div class=\"fusion-li-item-content\">Gesti\u00f3 de crisis puntuals: divorci, acomiadament, ex\u00e0mens\u2026<\/div><\/li><li class=\"fusion-li-item\" style=\"\"><span class=\"icon-wrapper circle-yes\"><i class=\"fusion-li-icon fa fa-chevron-right\" aria-hidden=\"true\"><\/i><\/span><div class=\"fusion-li-item-content\">Cura de f\u00f2bies: insectes, r\u00e8ptils, por a volar, por a l\u2019al\u00e7ada...<\/div><\/li><\/ul><div class=\"fusion-separator fusion-full-width-sep\" style=\"align-self: center;margin-left: auto;margin-right: auto;width:100%;\"><div class=\"fusion-separator-border sep-double\" style=\"--awb-height:20px;--awb-amount:20px;border-color:#e0dede;border-top-width:1px;border-bottom-width:1px;\"><\/div><\/div><div class=\"fusion-text fusion-text-2\"><p><span style=\"line-height: 1.5em;\">En tots els casos el client parteix de la situaci\u00f3 en qu\u00e8 es troba sense la necessitat d&#039;aprofundir en els motius que l&#039;han portat a estar com i on \u00e9s. <\/span><\/p>\n<p><span style=\"line-height: 1.5em;\">El proc\u00e9s de ter\u00e0pia amb PNL se centra a trobar les <\/span><b style=\"line-height: 1.5em;\">solucions adequades<\/b><span style=\"line-height: 1.5em;\"> per al client, explorant el passat perqu\u00e8 aflorin els recursos de contextos aliens a qu\u00e8 ha generat el conflicte. <\/span><\/p>\n<p><span style=\"line-height: 1.5em;\">Preguntem \u201ccom\u201d no \u201cper qu\u00e8\u201d.<\/span><\/p>\n<\/div><\/div><\/div><div class=\"fusion-layout-column fusion_builder_column fusion-builder-column-3 fusion_builder_column_1_1 1_1 fusion-flex-column\" style=\"--awb-bg-size:cover;--awb-width-large:100%;--awb-margin-top-large:0px;--awb-spacing-right-large:1.92%;--awb-margin-bottom-large:0px;--awb-spacing-left-large:1.92%;--awb-width-medium:100%;--awb-spacing-right-medium:1.92%;--awb-spacing-left-medium:1.92%;--awb-width-small:100%;--awb-spacing-right-small:1.92%;--awb-spacing-left-small:1.92%;\"><div class=\"fusion-column-wrapper fusion-flex-justify-content-flex-start fusion-content-layout-column\"><div class=\"fusion-text fusion-text-3\"><p style=\"text-align: justify;\">La ter\u00e0pia amb PNL, en moltes ocasions se serveix de el model de treball creat per Milton Erickson, qui va demostrar que la hipnosi \u00e9s un model de comunicaci\u00f3 terap\u00e8utic molt efica\u00e7 i que pot ser aplicada conversacionalmente, pel que ha estat qualificada de &quot;hipnosi sense hipnosi &quot;.<\/p>\n<p style=\"text-align: justify;\">En Hipnosi Ericksoniana el client no perd el control ni la consci\u00e8ncia, m\u00e9s aviat a contra, perqu\u00e8 \u00e9s un estat d&#039;alta concentraci\u00f3 en un proc\u00e9s intern, un estat natural amb gran relaxaci\u00f3 corporal i muscular, que facilita l&#039;hemisferi dret accedir m\u00e9s f\u00e0cilment a pensaments creatius i integrar nous aprenentatges per<strong> canviar comportaments i superar frens emocionals.<\/strong><\/p>\n<h1 style=\"text-align: justify;\">Els objectius m\u00e9s demandats<\/h1>\n<\/div><\/div><\/div><div class=\"fusion-layout-column fusion_builder_column fusion-builder-column-4 fusion_builder_column_1_4 1_4 fusion-flex-column\" style=\"--awb-bg-blend:overlay;--awb-bg-size:cover;--awb-width-large:25%;--awb-margin-top-large:0px;--awb-spacing-right-large:7.68%;--awb-margin-bottom-large:20px;--awb-spacing-left-large:7.68%;--awb-width-medium:100%;--awb-spacing-right-medium:1.92%;--awb-spacing-left-medium:1.92%;--awb-width-small:100%;--awb-spacing-right-small:1.92%;--awb-spacing-left-small:1.92%;\"><div class=\"fusion-column-wrapper fusion-flex-justify-content-flex-start fusion-content-layout-column\"><div class=\"fusion-text fusion-text-4\"><h2><a href=\"https:\/\/annaflores.es\/ca\/pnl\/\" target=\"_blank\" rel=\"noopener noreferrer\"><img decoding=\"async\" class=\"lazyload aligncenter\" title=\"Ter\u00e0pia amb PNL\" src=\"data:image\/svg+xml,%3Csvg%20xmlns%3D%27http%3A%2F%2Fwww.w3.org%2F2000%2Fsvg%27%20width%3D%27200%27%20height%3D%2796%27%20viewBox%3D%270%200%20200%2096%27%3E%3Crect%20width%3D%27200%27%20height%3D%2796%27%20fill-opacity%3D%220%22%2F%3E%3C%2Fsvg%3E\" data-orig-src=\"https:\/\/annaflores.es\/wp-content\/uploads\/adelgazar-retall.jpg\" alt=\"Ter\u00e0pia amb PNL\" width=\"200\" height=\"96\" \/><\/a><\/h2>\n<h2><\/h2>\n<h2>Vols aprimar-te?<\/h2>\n<p style=\"text-align: justify;\">La ter\u00e0pia amb PNL no aprima, el client ha de fer dieta, per\u00f2 t\u00e9 t\u00e8cniques espec\u00edfiques per generar l'estat emocional adequat per mantenir una dieta, motivaci\u00f3, const\u00e0ncia, satisfacci\u00f3 ... S'adapta sempre a les necessitats de cada client per\u00f2 treball es realitza des de dos perspectives diferents:<\/p>\n<ul>\n<li style=\"text-align: justify;\">Instal\u00b7lar un nou patr\u00f3 de resposta autom\u00e0tica<\/li>\n<li style=\"text-align: justify;\">Afavorir la sensaci\u00f3 de \u00abelecci\u00f3 saludable\u00bb<\/li>\n<\/ul>\n<\/div><\/div><\/div><div class=\"fusion-layout-column fusion_builder_column fusion-builder-column-5 fusion_builder_column_1_4 1_4 fusion-flex-column\" style=\"--awb-bg-blend:overlay;--awb-bg-size:cover;--awb-width-large:25%;--awb-margin-top-large:0px;--awb-spacing-right-large:7.68%;--awb-margin-bottom-large:20px;--awb-spacing-left-large:7.68%;--awb-width-medium:100%;--awb-spacing-right-medium:1.92%;--awb-spacing-left-medium:1.92%;--awb-width-small:100%;--awb-spacing-right-small:1.92%;--awb-spacing-left-small:1.92%;\"><div class=\"fusion-column-wrapper fusion-flex-justify-content-flex-start fusion-content-layout-column\"><div class=\"fusion-text fusion-text-5\"><p><img decoding=\"async\" class=\"lazyload aligncenter wp-image-10985\" src=\"https:\/\/annaflores.es\/wp-content\/uploads\/fumar-8.jpg\" data-orig-src=\"https:\/\/annaflores.es\/wp-content\/uploads\/fumar-8.jpg\" alt=\"\" width=\"210\" height=\"129\" srcset=\"data:image\/svg+xml,%3Csvg%20xmlns%3D%27http%3A%2F%2Fwww.w3.org%2F2000%2Fsvg%27%20width%3D%27210%27%20height%3D%27129%27%20viewBox%3D%270%200%20210%20129%27%3E%3Crect%20width%3D%27210%27%20height%3D%27129%27%20fill-opacity%3D%220%22%2F%3E%3C%2Fsvg%3E\" data-srcset=\"https:\/\/annaflores.es\/wp-content\/uploads\/fumar-8-200x123.jpg 200w, https:\/\/annaflores.es\/wp-content\/uploads\/fumar-8.jpg 287w\" data-sizes=\"auto\" data-orig-sizes=\"(max-width: 210px) 100vw, 210px\" \/><\/p>\n<h2>Deixar de fumar?<\/h2>\n<p style=\"text-align: justify;\">Amb la PNL i la <a href=\"http:\/\/es.wikipedia.org\/wiki\/Milton_H._Erickson\" target=\"_blank\" rel=\"noopener noreferrer\">Hipnosi Ericksoniana<\/a> es pot deixar de fumar en molt poques sessions, de vegades nom\u00e9s una sessi\u00f3, per\u00f2 no \u00e9s m\u00e0gia! El client ha de tenir la voluntat de voler abandonar l'h\u00e0bit i el comprom\u00eds de realitzar els exercicis que proposo. Se sol treballar amb dos models diferents:<\/p>\n<ul>\n<li style=\"text-align: justify;\">Una sola sessi\u00f3 de 2 hores. El 79% d'\u00e8xit i 9% de recaigudes<\/li>\n<li style=\"text-align: justify;\">Quatre sessions d'1 hora. El 82% d'\u00e8xit i 2.5% de recaigudes. \u00a0\u00a0<b>\u00a0 \u00a0 \u00a0 \u00a0 \u00a0 \u00a0 \u00a0\u00a0<\/b><\/li>\n<\/ul>\n<\/div><\/div><\/div><div class=\"fusion-layout-column fusion_builder_column fusion-builder-column-6 fusion_builder_column_1_4 1_4 fusion-flex-column\" style=\"--awb-bg-blend:overlay;--awb-bg-size:cover;--awb-width-large:25%;--awb-margin-top-large:0px;--awb-spacing-right-large:7.68%;--awb-margin-bottom-large:20px;--awb-spacing-left-large:7.68%;--awb-width-medium:100%;--awb-spacing-right-medium:1.92%;--awb-spacing-left-medium:1.92%;--awb-width-small:100%;--awb-spacing-right-small:1.92%;--awb-spacing-left-small:1.92%;\"><div class=\"fusion-column-wrapper fusion-flex-justify-content-flex-start fusion-content-layout-column\"><div class=\"fusion-text fusion-text-6\"><p><a title=\"PNL\" href=\"\/ca\/pnl\/\" target=\"_blank\" rel=\"noopener noreferrer\"><img decoding=\"async\" class=\"lazyload aligncenter\" title=\"Ter\u00e0pia amb PNL\" src=\"data:image\/svg+xml,%3Csvg%20xmlns%3D%27http%3A%2F%2Fwww.w3.org%2F2000%2Fsvg%27%20width%3D%27200%27%20height%3D%2796%27%20viewBox%3D%270%200%20200%2096%27%3E%3Crect%20width%3D%27200%27%20height%3D%2796%27%20fill-opacity%3D%220%22%2F%3E%3C%2Fsvg%3E\" data-orig-src=\"https:\/\/annaflores.es\/wp-content\/uploads\/pnl_cura_fobias_940x475-700x441.jpg\" alt=\"Ter\u00e0pia amb PNL\" width=\"200\" height=\"96\" \/><\/a><\/p>\n<h2>Superar f\u00f2bies<\/h2>\n<p style=\"text-align: justify;\">En poques sessions de ter\u00e0pia amb PNL es pot superar qualsevol f\u00f2bia amb les t\u00e8cniques de PNL. Por a volar, a les altures, a aus, insectes, animals ... No importa a qu\u00e8 ni quant temps es porta patint. la <a href=\"http:\/\/es.wikipedia.org\/wiki\/Programaci%C3%B3n_neuroling%C3%BC%C3%ADstica\" target=\"_blank\" rel=\"noopener noreferrer\">PNL<\/a> t\u00e9 diverses t\u00e8cniques diferents per v\u00e8ncer-la. S'accedeix a la manera en qu\u00e8 est\u00e0 gravada l'experi\u00e8ncia en el cervell, sense que el client hagi de submergir-se en ella i s'ofereix una nova opci\u00f3 de resposta autom\u00e0tica, desvinculant de l'element f\u00f2bic l'estat emocional intern associat, de qu\u00e8 el client no tenia control.<\/p>\n<\/div><\/div><\/div><div class=\"fusion-layout-column fusion_builder_column fusion-builder-column-7 fusion_builder_column_1_4 1_4 fusion-flex-column\" style=\"--awb-bg-blend:overlay;--awb-bg-size:cover;--awb-width-large:25%;--awb-margin-top-large:0px;--awb-spacing-right-large:7.68%;--awb-margin-bottom-large:20px;--awb-spacing-left-large:7.68%;--awb-width-medium:100%;--awb-spacing-right-medium:1.92%;--awb-spacing-left-medium:1.92%;--awb-width-small:100%;--awb-spacing-right-small:1.92%;--awb-spacing-left-small:1.92%;\"><div class=\"fusion-column-wrapper fusion-flex-justify-content-flex-start fusion-content-layout-column\"><div class=\"fusion-text fusion-text-7\"><p><a href=\"\/ca\/pnl\/\" target=\"_blank\" rel=\"noopener noreferrer\"><img decoding=\"async\" class=\"lazyload aligncenter wp-image-6587\" title=\"Ter\u00e0pia amb PNL\" src=\"data:image\/svg+xml,%3Csvg%20xmlns%3D%27http%3A%2F%2Fwww.w3.org%2F2000%2Fsvg%27%20width%3D%27200%27%20height%3D%2796%27%20viewBox%3D%270%200%20200%2096%27%3E%3Crect%20width%3D%27200%27%20height%3D%2796%27%20fill-opacity%3D%220%22%2F%3E%3C%2Fsvg%3E\" data-orig-src=\"https:\/\/annaflores.es\/wp-content\/uploads\/parlar-copia1-300x180.jpg\" alt=\"Ter\u00e0pia amb PNL\" width=\"200\" height=\"96\" \/><\/a><\/p>\n<h2>Parlar en p\u00fablic<\/h2>\n<p style=\"text-align: justify;\">Moltes persones tenen f\u00f2bia a parlar en p\u00fablic, tot i que, afortunadament, la majoria nom\u00e9s desenvolupen una por lleuger o una incomoditat que pateixen cada vegada que han de parlar davant d'un grup de persones. La quantitat d'interlocutors tampoc t\u00e9 tanta import\u00e0ncia, pot ser uns quants en una reuni\u00f3 o un auditori ple. La t\u00e8cnica que s'utilitza en la ter\u00e0pia amb PNL per a tots els casos \u00e9s la mateixa i t\u00e9 un percentatge alt\u00edssim d'\u00e8xit, el 89% dels clients el superen en menys de tres sessions.<\/p>\n<\/div><\/div><\/div><\/div><\/div><\/p>","protected":false},"excerpt":{"rendered":"","protected":false},"author":2,"featured_media":0,"parent":0,"menu_order":0,"comment_status":"open","ping_status":"open","template":"","meta":{"_acf_changed":false,"footnotes":""},"class_list":["post-8950","page","type-page","status-publish","hentry"],"acf":[],"yoast_head":"<!-- This site is optimized with the Yoast SEO Premium plugin v23.9 (Yoast SEO v27.4) - https:\/\/yoast.com\/product\/yoast-seo-premium-wordpress\/ -->\n<title>Terapia con PNL. Anna Flores<\/title>\n<meta name=\"description\" content=\"La terapia con PNL facilita el cambio de h\u00e1bitos y la gesti\u00f3n del estado emocional. Ayuda a aumentar la seguridad y la motivaci\u00f3n para dirigir nuestra vida\" \/>\n<meta name=\"robots\" content=\"index, follow, max-snippet:-1, max-image-preview:large, max-video-preview:-1\" \/>\n<link rel=\"canonical\" href=\"https:\/\/www.annaflores.es\/terapia-con-pnl\/\" \/>\n<meta property=\"og:locale\" content=\"ca_ES\" \/>\n<meta property=\"og:type\" content=\"article\" \/>\n<meta property=\"og:title\" content=\"Terapia con PNL\" \/>\n<meta property=\"og:description\" content=\"La terapia con PNL facilita el cambio de h\u00e1bitos y la gesti\u00f3n del estado emocional. Ayuda a aumentar la seguridad y la motivaci\u00f3n para dirigir nuestra vida\" \/>\n<meta property=\"og:url\" content=\"https:\/\/www.annaflores.es\/terapia-con-pnl\/\" \/>\n<meta property=\"og:site_name\" content=\"Anna Flores\" \/>\n<meta property=\"article:publisher\" content=\"https:\/\/www.facebook.com\/InstitutCoachingPNLAnnaFlores\/\" \/>\n<meta property=\"article:modified_time\" content=\"2024-11-16T12:35:22+00:00\" \/>\n<meta property=\"og:image\" content=\"https:\/\/annaflores.es\/wp-content\/uploads\/adelgazar-retall.jpg\" \/>\n<meta name=\"twitter:card\" content=\"summary_large_image\" \/>\n<meta name=\"twitter:label1\" content=\"Temps estimat de lectura\" \/>\n\t<meta name=\"twitter:data1\" content=\"4 minuts\" \/>\n<!-- \/ Yoast SEO Premium plugin. -->","yoast_head_json":{"title":"Ter\u00e0pia amb PNL. Anna Flores","description":"La ter\u00e0pia amb PNL facilita el canvi d&#039;h\u00e0bits i la gesti\u00f3 de l&#039;estat emocional. Ajuda a augmentar la seguretat i la motivaci\u00f3 per dirigir la nostra vida","robots":{"index":"index","follow":"follow","max-snippet":"max-snippet:-1","max-image-preview":"max-image-preview:large","max-video-preview":"max-video-preview:-1"},"canonical":"https:\/\/www.annaflores.es\/terapia-con-pnl\/","og_locale":"ca_ES","og_type":"article","og_title":"Terapia con PNL","og_description":"La terapia con PNL facilita el cambio de h\u00e1bitos y la gesti\u00f3n del estado emocional. Ayuda a aumentar la seguridad y la motivaci\u00f3n para dirigir nuestra vida","og_url":"https:\/\/www.annaflores.es\/terapia-con-pnl\/","og_site_name":"Anna Flores","article_publisher":"https:\/\/www.facebook.com\/InstitutCoachingPNLAnnaFlores\/","article_modified_time":"2024-11-16T12:35:22+00:00","og_image":[{"url":"https:\/\/annaflores.es\/wp-content\/uploads\/adelgazar-retall.jpg","type":"","width":"","height":""}],"twitter_card":"summary_large_image","twitter_misc":{"Temps estimat de lectura":"4 minuts"},"schema":{"@context":"https:\/\/schema.org","@graph":[{"@type":"WebPage","@id":"https:\/\/www.annaflores.es\/terapia-con-pnl\/","url":"https:\/\/www.annaflores.es\/terapia-con-pnl\/","name":"Ter\u00e0pia amb PNL. Anna Flores","isPartOf":{"@id":"https:\/\/annaflores.es\/#website"},"primaryImageOfPage":{"@id":"https:\/\/www.annaflores.es\/terapia-con-pnl\/#primaryimage"},"image":{"@id":"https:\/\/www.annaflores.es\/terapia-con-pnl\/#primaryimage"},"thumbnailUrl":"https:\/\/annaflores.es\/wp-content\/uploads\/adelgazar-retall.jpg","datePublished":"2015-09-22T16:53:43+00:00","dateModified":"2024-11-16T12:35:22+00:00","description":"La ter\u00e0pia amb PNL facilita el canvi d&#039;h\u00e0bits i la gesti\u00f3 de l&#039;estat emocional. Ajuda a augmentar la seguretat i la motivaci\u00f3 per dirigir la nostra vida","breadcrumb":{"@id":"https:\/\/www.annaflores.es\/terapia-con-pnl\/#breadcrumb"},"inLanguage":"ca","potentialAction":[{"@type":"ReadAction","target":["https:\/\/www.annaflores.es\/terapia-con-pnl\/"]}]},{"@type":"ImageObject","inLanguage":"ca","@id":"https:\/\/www.annaflores.es\/terapia-con-pnl\/#primaryimage","url":"https:\/\/annaflores.es\/wp-content\/uploads\/adelgazar-retall.jpg","contentUrl":"https:\/\/annaflores.es\/wp-content\/uploads\/adelgazar-retall.jpg"},{"@type":"BreadcrumbList","@id":"https:\/\/www.annaflores.es\/terapia-con-pnl\/#breadcrumb","itemListElement":[{"@type":"ListItem","position":1,"name":"Inicio","item":"https:\/\/www.annaflores.es\/"},{"@type":"ListItem","position":2,"name":"Terapia con PNL"}]},{"@type":"WebSite","@id":"https:\/\/annaflores.es\/#website","url":"https:\/\/annaflores.es\/","name":"Anna Flores","description":"Cursos de Coaching i PNL a Barcelona","publisher":{"@id":"https:\/\/annaflores.es\/#organization"},"alternateName":"Institut Anna Flores","potentialAction":[{"@type":"SearchAction","target":{"@type":"EntryPoint","urlTemplate":"https:\/\/annaflores.es\/?s={search_term_string}"},"query-input":{"@type":"PropertyValueSpecification","valueRequired":true,"valueName":"search_term_string"}}],"inLanguage":"ca"},{"@type":"Organization","@id":"https:\/\/annaflores.es\/#organization","name":"Institut Anna Flors","alternateName":"Anna Flores","url":"https:\/\/annaflores.es\/","logo":{"@type":"ImageObject","inLanguage":"ca","@id":"https:\/\/annaflores.es\/#\/schema\/logo\/image\/","url":"https:\/\/annaflores.es\/wp-content\/uploads\/IAFCAT-BLAU-MES-INTENS_traspa-e1610467605488.png","contentUrl":"https:\/\/annaflores.es\/wp-content\/uploads\/IAFCAT-BLAU-MES-INTENS_traspa-e1610467605488.png","width":200,"height":51,"caption":"Instituto Anna Flores"},"image":{"@id":"https:\/\/annaflores.es\/#\/schema\/logo\/image\/"},"sameAs":["https:\/\/www.facebook.com\/InstitutCoachingPNLAnnaFlores\/","https:\/\/www.instagram.com\/annafloresinstitut\/","https:\/\/www.linkedin.com\/in\/annaflorescoaching\/","https:\/\/www.youtube.com\/c\/InstitutodePNLyCoachingAnnaFlores"]}]}},"_links":{"self":[{"href":"https:\/\/annaflores.es\/ca\/wp-json\/wp\/v2\/pages\/8950","targetHints":{"allow":["GET"]}}],"collection":[{"href":"https:\/\/annaflores.es\/ca\/wp-json\/wp\/v2\/pages"}],"about":[{"href":"https:\/\/annaflores.es\/ca\/wp-json\/wp\/v2\/types\/page"}],"author":[{"embeddable":true,"href":"https:\/\/annaflores.es\/ca\/wp-json\/wp\/v2\/users\/2"}],"replies":[{"embeddable":true,"href":"https:\/\/annaflores.es\/ca\/wp-json\/wp\/v2\/comments?post=8950"}],"version-history":[{"count":0,"href":"https:\/\/annaflores.es\/ca\/wp-json\/wp\/v2\/pages\/8950\/revisions"}],"wp:attachment":[{"href":"https:\/\/annaflores.es\/ca\/wp-json\/wp\/v2\/media?parent=8950"}],"curies":[{"name":"wp","href":"https:\/\/api.w.org\/{rel}","templated":true}]}}